{"id":250529,"date":"2024-09-29T09:20:50","date_gmt":"2024-09-29T09:20:50","guid":{"rendered":"https:\/\/irankiuzona.lt\/product\/automobilinis-reles-testeris-12v\/"},"modified":"2026-05-15T19:57:16","modified_gmt":"2026-05-15T19:57:16","slug":"automobilinis-reles-testeris-12v","status":"publish","type":"product","link":"https:\/\/irankiuzona.lt\/ru\/product\/automobilinis-reles-testeris-12v\/","title":{"rendered":"Automobilinis r\u0117l\u0117s testeris 12v"},"content":{"rendered":"<p>I\u0161bandomi trys populiariausi reli\u0173 tipaiTesteris kontroliuoja patikrint\u0105 rel\u0119, kad ji b\u016bt\u0173 tinkamai atidaryta ir u\u017edarytaTesteris naudoja 12 V maitinim\u0105 i\u0161 automobilio akumuliatoriausGreitas ir lengvas automobilio rel\u0117s testas\u0160vie\u010dia RED LED, jei patikrinta rel\u0117 yra nenormali, jei ne \u0161viesiai \u017ealia LED<\/p>","protected":false},"excerpt":{"rendered":"<p>Automobilinis r\u0117l\u0117s testeris 12v<\/p>","protected":false},"featured_media":250531,"comment_status":"open","ping_status":"open","template":"","meta":[],"product_cat":[9445],"product_tag":[9435],"class_list":{"0":"post-250529","1":"product","2":"type-product","3":"status-publish","4":"has-post-thumbnail","6":"product_brand-kinija","7":"product_cat-testeriai","8":"product_tag-kinija","10":"first","11":"outofstock","12":"purchasable","13":"product-type-simple"},"jetpack_sharing_enabled":true,"_links":{"self":[{"href":"https:\/\/irankiuzona.lt\/ru\/wp-json\/wp\/v2\/product\/250529","targetHints":{"allow":["GET"]}}],"collection":[{"href":"https:\/\/irankiuzona.lt\/ru\/wp-json\/wp\/v2\/product"}],"about":[{"href":"https:\/\/irankiuzona.lt\/ru\/wp-json\/wp\/v2\/types\/product"}],"replies":[{"embeddable":true,"href":"https:\/\/irankiuzona.lt\/ru\/wp-json\/wp\/v2\/comments?post=250529"}],"version-history":[{"count":1,"href":"https:\/\/irankiuzona.lt\/ru\/wp-json\/wp\/v2\/product\/250529\/revisions"}],"predecessor-version":[{"id":418838,"href":"https:\/\/irankiuzona.lt\/ru\/wp-json\/wp\/v2\/product\/250529\/revisions\/418838"}],"wp:featuredmedia":[{"embeddable":true,"href":"https:\/\/irankiuzona.lt\/ru\/wp-json\/wp\/v2\/media\/250531"}],"wp:attachment":[{"href":"https:\/\/irankiuzona.lt\/ru\/wp-json\/wp\/v2\/media?parent=250529"}],"wp:term":[{"taxonomy":"product_cat","embeddable":true,"href":"https:\/\/irankiuzona.lt\/ru\/wp-json\/wp\/v2\/product_cat?post=250529"},{"taxonomy":"product_tag","embeddable":true,"href":"https:\/\/irankiuzona.lt\/ru\/wp-json\/wp\/v2\/product_tag?post=250529"}],"curies":[{"name":"wp","href":"https:\/\/api.w.org\/{rel}","templated":true}]}}