{"id":250532,"date":"2024-09-29T09:20:50","date_gmt":"2024-09-29T09:20:50","guid":{"rendered":"https:\/\/irankiuzona.lt\/product\/spyruokliniu-tarpiniu-rinkinys-145vnt\/"},"modified":"2026-05-15T23:39:28","modified_gmt":"2026-05-15T23:39:28","slug":"spyruokliniu-tarpiniu-rinkinys-145vnt","status":"publish","type":"product","link":"https:\/\/irankiuzona.lt\/ru\/product\/spyruokliniu-tarpiniu-rinkinys-145vnt\/","title":{"rendered":"Spyruoklini\u0173 tarpini\u0173 rinkinys 145vnt."},"content":{"rendered":"<p>40 spyruoklini\u0173 pover\u017eli\u0173 M4 var\u017etams30 spyruoklini\u0173 pover\u017eli\u0173 M5 var\u017etams30 spyruoklini\u0173 pover\u017eli\u0173 M6 var\u017etams20 spyruoklini\u0173 pover\u017eli\u0173 M8 var\u017etams15 spyruoklini\u0173 pover\u017eli\u0173 M10 var\u017etams10 spyruoklini\u0173 pover\u017eli\u0173 M12 var\u017etamsTechniniai duomenysPakuot\u0117 tinkama pakabinti ant sienosCinkuoti<\/p>","protected":false},"excerpt":{"rendered":"<p>Spyruoklini\u0173 tarpini\u0173 rinkinys 145vnt.<\/p>","protected":false},"featured_media":250534,"comment_status":"open","ping_status":"open","template":"","meta":[],"product_cat":[9438],"product_tag":[9435],"class_list":{"0":"post-250532","1":"product","2":"type-product","3":"status-publish","4":"has-post-thumbnail","6":"product_brand-kinija","7":"product_cat-tarpines-savarzos-smeiges-kaisciai-ir-kiti-rinkiniai","8":"product_tag-kinija","10":"first","11":"instock","12":"purchasable","13":"product-type-simple"},"jetpack_sharing_enabled":true,"_links":{"self":[{"href":"https:\/\/irankiuzona.lt\/ru\/wp-json\/wp\/v2\/product\/250532","targetHints":{"allow":["GET"]}}],"collection":[{"href":"https:\/\/irankiuzona.lt\/ru\/wp-json\/wp\/v2\/product"}],"about":[{"href":"https:\/\/irankiuzona.lt\/ru\/wp-json\/wp\/v2\/types\/product"}],"replies":[{"embeddable":true,"href":"https:\/\/irankiuzona.lt\/ru\/wp-json\/wp\/v2\/comments?post=250532"}],"version-history":[{"count":1,"href":"https:\/\/irankiuzona.lt\/ru\/wp-json\/wp\/v2\/product\/250532\/revisions"}],"predecessor-version":[{"id":418839,"href":"https:\/\/irankiuzona.lt\/ru\/wp-json\/wp\/v2\/product\/250532\/revisions\/418839"}],"wp:featuredmedia":[{"embeddable":true,"href":"https:\/\/irankiuzona.lt\/ru\/wp-json\/wp\/v2\/media\/250534"}],"wp:attachment":[{"href":"https:\/\/irankiuzona.lt\/ru\/wp-json\/wp\/v2\/media?parent=250532"}],"wp:term":[{"taxonomy":"product_cat","embeddable":true,"href":"https:\/\/irankiuzona.lt\/ru\/wp-json\/wp\/v2\/product_cat?post=250532"},{"taxonomy":"product_tag","embeddable":true,"href":"https:\/\/irankiuzona.lt\/ru\/wp-json\/wp\/v2\/product_tag?post=250532"}],"curies":[{"name":"wp","href":"https:\/\/api.w.org\/{rel}","templated":true}]}}