{"id":250544,"date":"2024-09-29T09:20:51","date_gmt":"2024-09-29T09:20:51","guid":{"rendered":"https:\/\/irankiuzona.lt\/product\/ipresuoti-angaliai-torx-1-4-su-sarnyru\/"},"modified":"2026-04-12T23:00:42","modified_gmt":"2026-04-12T23:00:42","slug":"ipresuoti-angaliai-torx-1-4-su-sarnyru","status":"publish","type":"product","link":"https:\/\/irankiuzona.lt\/ru\/product\/ipresuoti-angaliai-torx-1-4-su-sarnyru\/","title":{"rendered":"\u012epresuoti angaliai torx 1\/4 su \u0161arnyru"},"content":{"rendered":"<p>Descriptionknurledideal for working in tight spacesincludes the following tools:Bit sockets, 6.3 mm (1\/4\u201c) drive, T-Star (for Torx) with ball head:T10 &#8211; T15 &#8211; T20 &#8211; T25 &#8211; T27 &#8211; T30 &#8211; T40Technical dataMaterial Chrome Vanadium SteelLength 130 mmGross weight 400 g<\/p>","protected":false},"excerpt":{"rendered":"<p>\u012epresuot\u0173 antgali\u0173 rinkinys | 6.3 mm (1\/4&quot;) | T-Star (Torx) su \u0161arnyriniu antgaliu | 7 vnt<\/p>","protected":false},"featured_media":250546,"comment_status":"open","ping_status":"open","template":"","meta":[],"product_cat":[9851],"product_tag":[9845],"class_list":{"0":"post-250544","1":"product","2":"type-product","3":"status-publish","4":"has-post-thumbnail","6":"product_brand-vokietija-germany","7":"product_cat-1-4-ipresuoti-torx-antgaliai","8":"product_tag-vokietija-germany","10":"first","11":"outofstock","12":"purchasable","13":"product-type-simple"},"jetpack_sharing_enabled":true,"_links":{"self":[{"href":"https:\/\/irankiuzona.lt\/ru\/wp-json\/wp\/v2\/product\/250544","targetHints":{"allow":["GET"]}}],"collection":[{"href":"https:\/\/irankiuzona.lt\/ru\/wp-json\/wp\/v2\/product"}],"about":[{"href":"https:\/\/irankiuzona.lt\/ru\/wp-json\/wp\/v2\/types\/product"}],"replies":[{"embeddable":true,"href":"https:\/\/irankiuzona.lt\/ru\/wp-json\/wp\/v2\/comments?post=250544"}],"version-history":[{"count":1,"href":"https:\/\/irankiuzona.lt\/ru\/wp-json\/wp\/v2\/product\/250544\/revisions"}],"predecessor-version":[{"id":418843,"href":"https:\/\/irankiuzona.lt\/ru\/wp-json\/wp\/v2\/product\/250544\/revisions\/418843"}],"wp:featuredmedia":[{"embeddable":true,"href":"https:\/\/irankiuzona.lt\/ru\/wp-json\/wp\/v2\/media\/250546"}],"wp:attachment":[{"href":"https:\/\/irankiuzona.lt\/ru\/wp-json\/wp\/v2\/media?parent=250544"}],"wp:term":[{"taxonomy":"product_cat","embeddable":true,"href":"https:\/\/irankiuzona.lt\/ru\/wp-json\/wp\/v2\/product_cat?post=250544"},{"taxonomy":"product_tag","embeddable":true,"href":"https:\/\/irankiuzona.lt\/ru\/wp-json\/wp\/v2\/product_tag?post=250544"}],"curies":[{"name":"wp","href":"https:\/\/api.w.org\/{rel}","templated":true}]}}