{"id":250649,"date":"2024-09-29T09:21:03","date_gmt":"2024-09-29T09:21:03","guid":{"rendered":"https:\/\/irankiuzona.lt\/product\/transportavimo-vezimelis-sulankstomas-6-ratis-max-70kg\/"},"modified":"2025-05-08T08:05:54","modified_gmt":"2025-05-08T08:05:54","slug":"transportavimo-vezimelis-sulankstomas-6-ratis-max-70kg","status":"publish","type":"product","link":"https:\/\/irankiuzona.lt\/ru\/product\/transportavimo-vezimelis-sulankstomas-6-ratis-max-70kg\/","title":{"rendered":"Transportavimo ve\u017eim\u0117lis sulankstomas 6-ratis \/ max.70kg"},"content":{"rendered":"<p>2x reguliuojamas auk\u0161tis;su aliuminio nosies plok\u0161te;matmenys i\u0161lankstyto ve\u017eim\u0117lioi: 465x470x1000mmmatmenys sulankstyto ve\u017eim\u0117lio: 100x385x640mmmaks. apkrova: 70kgApatinio pado matmenys\u00a0280x385mmguminiai ratai 95x21mm<\/p>","protected":false},"excerpt":{"rendered":"<p>Transportavimo ve\u017eimas sulankstomas su 6\u00a0ratais \/ maksimali apkrova iki 70kg<\/p>","protected":false},"featured_media":250651,"comment_status":"open","ping_status":"open","template":"","meta":[],"product_cat":[9670],"product_tag":[9476],"class_list":{"0":"post-250649","1":"product","2":"type-product","3":"status-publish","4":"has-post-thumbnail","6":"product_brand-erba-austrija","7":"product_cat-transportavimo-vezimai","8":"product_tag-erba-austrija","10":"first","11":"outofstock","12":"purchasable","13":"product-type-simple"},"jetpack_sharing_enabled":true,"_links":{"self":[{"href":"https:\/\/irankiuzona.lt\/ru\/wp-json\/wp\/v2\/product\/250649","targetHints":{"allow":["GET"]}}],"collection":[{"href":"https:\/\/irankiuzona.lt\/ru\/wp-json\/wp\/v2\/product"}],"about":[{"href":"https:\/\/irankiuzona.lt\/ru\/wp-json\/wp\/v2\/types\/product"}],"replies":[{"embeddable":true,"href":"https:\/\/irankiuzona.lt\/ru\/wp-json\/wp\/v2\/comments?post=250649"}],"version-history":[{"count":0,"href":"https:\/\/irankiuzona.lt\/ru\/wp-json\/wp\/v2\/product\/250649\/revisions"}],"wp:featuredmedia":[{"embeddable":true,"href":"https:\/\/irankiuzona.lt\/ru\/wp-json\/wp\/v2\/media\/250651"}],"wp:attachment":[{"href":"https:\/\/irankiuzona.lt\/ru\/wp-json\/wp\/v2\/media?parent=250649"}],"wp:term":[{"taxonomy":"product_cat","embeddable":true,"href":"https:\/\/irankiuzona.lt\/ru\/wp-json\/wp\/v2\/product_cat?post=250649"},{"taxonomy":"product_tag","embeddable":true,"href":"https:\/\/irankiuzona.lt\/ru\/wp-json\/wp\/v2\/product_tag?post=250649"}],"curies":[{"name":"wp","href":"https:\/\/api.w.org\/{rel}","templated":true}]}}