{"id":250697,"date":"2024-09-29T09:30:06","date_gmt":"2024-09-29T09:30:06","guid":{"rendered":"https:\/\/irankiuzona.lt\/product\/poroloninis-eva-paminkstinimas-vezimelio-stalciams\/"},"modified":"2026-04-17T21:41:21","modified_gmt":"2026-04-17T21:41:21","slug":"poroloninis-eva-paminkstinimas-vezimelio-stalciams","status":"publish","type":"product","link":"https:\/\/irankiuzona.lt\/ru\/product\/poroloninis-eva-paminkstinimas-vezimelio-stalciams\/","title":{"rendered":"Poroloninis EVA pamink\u0161tinimas ve\u017eim\u0117lio stal\u010diams"},"content":{"rendered":"<p>I\u0161matavimai:\u00a0545 \u00d7 400\u00a0mm<\/p>\n<p>Komplekte: 7vnt;<br \/>\nStoris: 2mm;<br \/>\npagamintas i\u0161 techninio EVA putplas\u010dio;<br \/>\njuoda spalva;<\/p>","protected":false},"excerpt":{"rendered":"<p>Putplas\u010dio EVA pamink\u0161tinimas ve\u017eim\u0117lio stal\u010diams \/ papildoma apsauga nuo apgadinim\u0173, bei garso \/ i\u0161matavimai:\u00a0545 \u00d7 400\u00a0mm<\/p>","protected":false},"featured_media":250699,"comment_status":"open","ping_status":"open","template":"","meta":[],"product_cat":[9870],"product_tag":[9969],"class_list":{"0":"post-250697","1":"product","2":"type-product","3":"status-publish","4":"has-post-thumbnail","6":"product_brand-hogert-technik-vokietija","7":"product_cat-deklai-i-vezimus-su-irankiais-ir-tusti","8":"product_tag-hogert-technik-vokietija","10":"first","11":"instock","12":"purchasable","13":"product-type-simple"},"jetpack_sharing_enabled":true,"_links":{"self":[{"href":"https:\/\/irankiuzona.lt\/ru\/wp-json\/wp\/v2\/product\/250697","targetHints":{"allow":["GET"]}}],"collection":[{"href":"https:\/\/irankiuzona.lt\/ru\/wp-json\/wp\/v2\/product"}],"about":[{"href":"https:\/\/irankiuzona.lt\/ru\/wp-json\/wp\/v2\/types\/product"}],"replies":[{"embeddable":true,"href":"https:\/\/irankiuzona.lt\/ru\/wp-json\/wp\/v2\/comments?post=250697"}],"version-history":[{"count":1,"href":"https:\/\/irankiuzona.lt\/ru\/wp-json\/wp\/v2\/product\/250697\/revisions"}],"predecessor-version":[{"id":418886,"href":"https:\/\/irankiuzona.lt\/ru\/wp-json\/wp\/v2\/product\/250697\/revisions\/418886"}],"wp:featuredmedia":[{"embeddable":true,"href":"https:\/\/irankiuzona.lt\/ru\/wp-json\/wp\/v2\/media\/250699"}],"wp:attachment":[{"href":"https:\/\/irankiuzona.lt\/ru\/wp-json\/wp\/v2\/media?parent=250697"}],"wp:term":[{"taxonomy":"product_cat","embeddable":true,"href":"https:\/\/irankiuzona.lt\/ru\/wp-json\/wp\/v2\/product_cat?post=250697"},{"taxonomy":"product_tag","embeddable":true,"href":"https:\/\/irankiuzona.lt\/ru\/wp-json\/wp\/v2\/product_tag?post=250697"}],"curies":[{"name":"wp","href":"https:\/\/api.w.org\/{rel}","templated":true}]}}