{"id":250700,"date":"2024-09-29T09:30:07","date_gmt":"2024-09-29T09:30:07","guid":{"rendered":"https:\/\/irankiuzona.lt\/product\/irankiu-komplektas-1-2-terskles-28daliu-su-deklu-vezimeliui\/"},"modified":"2026-04-17T20:01:49","modified_gmt":"2026-04-17T20:01:49","slug":"irankiu-komplektas-1-2-terskles-28daliu-su-deklu-vezimeliui","status":"publish","type":"product","link":"https:\/\/irankiuzona.lt\/ru\/product\/irankiu-komplektas-1-2-terskles-28daliu-su-deklu-vezimeliui\/","title":{"rendered":"\u012eranki\u0173 komplektas 1\/2 ter\u0161kl\u0117s \/ 28dali\u0173 \/ su d\u0117klu ve\u017eim\u0117liui"},"content":{"rendered":"<p>I\u0161matavimai:\u00a039,5 x 18 cm> \u012frankiai pagaminti i\u0161 auk\u0161tos kokyb\u0117s legiruoto plieno &#8211; chromo vanad\u017eio;> atsparus deformacijai;> terk\u0161linis mechanizmas: 72 dantys pagaminti i\u0161 plieno, chromo-molibdeno lydinys padidina patvarum\u0105 darbo mechanizmo ir tikslum\u0105;> kietos ir lanks\u010dios technin\u0117s putos \/ EVA.\u012eranki\u0173 komplekt\u0105 sudaro:> 1\/2 cr-mo terk\u0161l\u0117 su 72dantuk\u0173 mechanizmu;> trumpos 1\/2 galvut\u0117s: 8-9-10-11-12-13-14-15-16-17-18-19-20-22-24-27-30-32-36 mm;> ilgos 1\/2 galvut\u0117s: 15-17-19 mm;> ilgos 1\/2 \u017evakin\u0117s galvut\u0117s: 16-21 mm;> 1\/2 \u0161aryrin\u0117 kardanin\u0117 jungtis;> prailgintuvas 1\/2 125mm;> praigintuvas 1\/2 250mm su slankiojan\u010dia jungtimi;<\/p>","protected":false},"excerpt":{"rendered":"<p>1\/2 \u012franki\u0173 komplektas HOEGERT su mink\u0161tu d\u0117klu \u012f \u012franki\u0173 ve\u017eim\u0117l\u012f \/ 28 dali\u0173 \/ i\u0161matavimai\u00a039,5 x 18 cm<\/p>","protected":false},"featured_media":250702,"comment_status":"open","ping_status":"open","template":"","meta":[],"product_cat":[9870],"product_tag":[9969],"class_list":{"0":"post-250700","1":"product","2":"type-product","3":"status-publish","4":"has-post-thumbnail","6":"product_brand-hogert-technik-vokietija","7":"product_cat-deklai-i-vezimus-su-irankiais-ir-tusti","8":"product_tag-hogert-technik-vokietija","10":"first","11":"instock","12":"purchasable","13":"product-type-simple"},"jetpack_sharing_enabled":true,"_links":{"self":[{"href":"https:\/\/irankiuzona.lt\/ru\/wp-json\/wp\/v2\/product\/250700","targetHints":{"allow":["GET"]}}],"collection":[{"href":"https:\/\/irankiuzona.lt\/ru\/wp-json\/wp\/v2\/product"}],"about":[{"href":"https:\/\/irankiuzona.lt\/ru\/wp-json\/wp\/v2\/types\/product"}],"replies":[{"embeddable":true,"href":"https:\/\/irankiuzona.lt\/ru\/wp-json\/wp\/v2\/comments?post=250700"}],"version-history":[{"count":1,"href":"https:\/\/irankiuzona.lt\/ru\/wp-json\/wp\/v2\/product\/250700\/revisions"}],"predecessor-version":[{"id":418887,"href":"https:\/\/irankiuzona.lt\/ru\/wp-json\/wp\/v2\/product\/250700\/revisions\/418887"}],"wp:featuredmedia":[{"embeddable":true,"href":"https:\/\/irankiuzona.lt\/ru\/wp-json\/wp\/v2\/media\/250702"}],"wp:attachment":[{"href":"https:\/\/irankiuzona.lt\/ru\/wp-json\/wp\/v2\/media?parent=250700"}],"wp:term":[{"taxonomy":"product_cat","embeddable":true,"href":"https:\/\/irankiuzona.lt\/ru\/wp-json\/wp\/v2\/product_cat?post=250700"},{"taxonomy":"product_tag","embeddable":true,"href":"https:\/\/irankiuzona.lt\/ru\/wp-json\/wp\/v2\/product_tag?post=250700"}],"curies":[{"name":"wp","href":"https:\/\/api.w.org\/{rel}","templated":true}]}}