{"id":250703,"date":"2024-09-29T09:30:07","date_gmt":"2024-09-29T09:30:07","guid":{"rendered":"https:\/\/irankiuzona.lt\/product\/vidiniu-guoliu-nuemejas-125-53mm\/"},"modified":"2026-04-17T18:04:53","modified_gmt":"2026-04-17T18:04:53","slug":"vidiniu-guoliu-nuemejas-125-53mm","status":"publish","type":"product","link":"https:\/\/irankiuzona.lt\/ru\/product\/vidiniu-guoliu-nuemejas-125-53mm\/","title":{"rendered":"Vidini\u0173 guoli\u0173 nu\u0117m\u0117jas 12,5-53mm"},"content":{"rendered":"<p>Reguliuojamas plotis: 12.5 &#8211; 53 mmNaudojamas daugelio guoli\u0173 ir \u012fvori\u0173 pa\u0161alinimuiPasi\u017eymi r\u016bdijimui atsparia apdailaRankena, skirta naudoti plaktuku<\/p>","protected":false},"excerpt":{"rendered":"<p>Vidini\u0173 guoli\u0173 nu\u0117m\u0117jas 12,5-53mm\u00a0su atbuliniu plaktuku<\/p>","protected":false},"featured_media":250705,"comment_status":"open","ping_status":"open","template":"","meta":[],"product_cat":[9533],"product_tag":[9435],"class_list":{"0":"post-250703","1":"product","2":"type-product","3":"status-publish","4":"has-post-thumbnail","6":"product_brand-kinija","7":"product_cat-vidiniu-guoliu-nuemejai-istraukejai","8":"product_tag-kinija","10":"first","11":"instock","12":"purchasable","13":"product-type-simple"},"jetpack_sharing_enabled":true,"_links":{"self":[{"href":"https:\/\/irankiuzona.lt\/ru\/wp-json\/wp\/v2\/product\/250703","targetHints":{"allow":["GET"]}}],"collection":[{"href":"https:\/\/irankiuzona.lt\/ru\/wp-json\/wp\/v2\/product"}],"about":[{"href":"https:\/\/irankiuzona.lt\/ru\/wp-json\/wp\/v2\/types\/product"}],"replies":[{"embeddable":true,"href":"https:\/\/irankiuzona.lt\/ru\/wp-json\/wp\/v2\/comments?post=250703"}],"version-history":[{"count":1,"href":"https:\/\/irankiuzona.lt\/ru\/wp-json\/wp\/v2\/product\/250703\/revisions"}],"predecessor-version":[{"id":418888,"href":"https:\/\/irankiuzona.lt\/ru\/wp-json\/wp\/v2\/product\/250703\/revisions\/418888"}],"wp:featuredmedia":[{"embeddable":true,"href":"https:\/\/irankiuzona.lt\/ru\/wp-json\/wp\/v2\/media\/250705"}],"wp:attachment":[{"href":"https:\/\/irankiuzona.lt\/ru\/wp-json\/wp\/v2\/media?parent=250703"}],"wp:term":[{"taxonomy":"product_cat","embeddable":true,"href":"https:\/\/irankiuzona.lt\/ru\/wp-json\/wp\/v2\/product_cat?post=250703"},{"taxonomy":"product_tag","embeddable":true,"href":"https:\/\/irankiuzona.lt\/ru\/wp-json\/wp\/v2\/product_tag?post=250703"}],"curies":[{"name":"wp","href":"https:\/\/api.w.org\/{rel}","templated":true}]}}