{"id":250712,"date":"2024-09-29T09:30:08","date_gmt":"2024-09-29T09:30:08","guid":{"rendered":"https:\/\/irankiuzona.lt\/product\/sriegikliu-ir-sriegpjoviu-komplektas-m3-m12-60-daliu\/"},"modified":"2026-05-16T18:03:10","modified_gmt":"2026-05-16T18:03:10","slug":"sriegikliu-ir-sriegpjoviu-komplektas-m3-m12-60-daliu","status":"publish","type":"product","link":"https:\/\/irankiuzona.lt\/ru\/product\/sriegikliu-ir-sriegpjoviu-komplektas-m3-m12-60-daliu\/","title":{"rendered":"Sriegikli\u0173 ir sriegpjovi\u0173 komplektas M3-M12 \/ 60 dali\u0173"},"content":{"rendered":"<p>10 vnt. Sriegikli\u0173: 3&#215;0,5, 4&#215;0,7, 5&#215;0,8, 6&#215;1,0, 7&#215;1,0, 8&#215;1,25, 9&#215;1,25, 10&#215;1,0, 10&#215;1,5, 12&#215;1,7510 vnt. UNC sriegikli\u0173: 4\u201340, 6\u201332, 8\u201332, 10\u201324, 12\u201324, 1\/4, 5\/16, 3\/8, 7\/16, 1\/26 vnt. UNF sriegikli\u0173: 10-32, 1\/4, 5\/16, 3\/8, 7\/16, 1\/210 vnt. Sriegpjovi\u0173: 3&#215;0,5, 4&#215;0,7, 5&#215;0,8, 6&#215;1,0,7&#215;1,0, 8&#215;1,25, 9&#215;1,25, 10&#215;1,0, 10&#215;1,5, 12&#215;1,7510 vnt. UNC sriegpjovi\u0173: 4\u201340, 6\u201332, 8\u201332, 10\u201324, 12\u201324, 1\/4, 5\/16, 3\/8, 7\/16, 1\/26 vnt. UNF sriegpjovi\u0173: 10-32, 1\/4, 5\/16, 3\/8, 7\/16, 1\/21 vnt. NPT sriegiklis: 1 \/ 8-271 vnt. NPT sriegpjov\u0117: 1 \/ 8-271 vnt. Sriegiklio laikiklis: M4 &#8211; M12 (3\/16 &#8211; 1\/2 &quot;)1 vnt. T tipo sriegiklio laikiklis: M3 &#8211; M16 (1\/16 &#8211; 1\/4 &quot;)1 vnt. Sriegpjov\u0117s laikiklis: 25 mm 1 &quot;O \/ D1 vnt. Atsuktuvas1 vnt. Metrinis sriegmatis1 vnt. Colinis sriegmatis<\/p>","protected":false},"excerpt":{"rendered":"<p>Sriegikli\u0173 ir sriegpjovi\u0173 komplektas, metrin\u0117 ir colin\u0117 matavimo sistemos, M3-M12, SAE \/ 60 dali\u0173<\/p>","protected":false},"featured_media":250714,"comment_status":"open","ping_status":"open","template":"","meta":[],"product_cat":[9546],"product_tag":[9435],"class_list":{"0":"post-250712","1":"product","2":"type-product","3":"status-publish","4":"has-post-thumbnail","6":"product_brand-kinija","7":"product_cat-sriegikliu-ir-sriegpjoviu-komplektai","8":"product_tag-kinija","10":"first","11":"outofstock","12":"purchasable","13":"product-type-simple"},"jetpack_sharing_enabled":true,"_links":{"self":[{"href":"https:\/\/irankiuzona.lt\/ru\/wp-json\/wp\/v2\/product\/250712","targetHints":{"allow":["GET"]}}],"collection":[{"href":"https:\/\/irankiuzona.lt\/ru\/wp-json\/wp\/v2\/product"}],"about":[{"href":"https:\/\/irankiuzona.lt\/ru\/wp-json\/wp\/v2\/types\/product"}],"replies":[{"embeddable":true,"href":"https:\/\/irankiuzona.lt\/ru\/wp-json\/wp\/v2\/comments?post=250712"}],"version-history":[{"count":1,"href":"https:\/\/irankiuzona.lt\/ru\/wp-json\/wp\/v2\/product\/250712\/revisions"}],"predecessor-version":[{"id":418891,"href":"https:\/\/irankiuzona.lt\/ru\/wp-json\/wp\/v2\/product\/250712\/revisions\/418891"}],"wp:featuredmedia":[{"embeddable":true,"href":"https:\/\/irankiuzona.lt\/ru\/wp-json\/wp\/v2\/media\/250714"}],"wp:attachment":[{"href":"https:\/\/irankiuzona.lt\/ru\/wp-json\/wp\/v2\/media?parent=250712"}],"wp:term":[{"taxonomy":"product_cat","embeddable":true,"href":"https:\/\/irankiuzona.lt\/ru\/wp-json\/wp\/v2\/product_cat?post=250712"},{"taxonomy":"product_tag","embeddable":true,"href":"https:\/\/irankiuzona.lt\/ru\/wp-json\/wp\/v2\/product_tag?post=250712"}],"curies":[{"name":"wp","href":"https:\/\/api.w.org\/{rel}","templated":true}]}}