{"id":250742,"date":"2024-09-29T09:30:11","date_gmt":"2024-09-29T09:30:11","guid":{"rendered":"https:\/\/irankiuzona.lt\/product\/antifrizo-testeris-areotemp\/"},"modified":"2026-04-03T17:36:34","modified_gmt":"2026-04-03T17:36:34","slug":"antifrizo-testeris-areotemp","status":"publish","type":"product","link":"https:\/\/irankiuzona.lt\/ru\/product\/antifrizo-testeris-areotemp\/","title":{"rendered":"Antifrizo testeris \/ areotemp"},"content":{"rendered":"<p>Ap\u016bdinimas:<\/p>\n<p>Pipet\u0117s forma<br \/>\nIntegruotas pl\u016bduras<br \/>\nTikslus matavimas visuose au\u0161inimo skys\u010dio temperat\u016bros diapazonuose<br \/>\nTvirtas ir atsparus<br \/>\nEtilenglikolio (etandiolio) pagrindu pagamintoms au\u0161inimo grandin\u0117ms<br \/>\nMatavimo diapazonas nuo -10 \u00b0 C iki -40 \u00b0 C<\/p>\n<p>Techniniai duomenysPakuot\u0117 tinkama pakabinti ant sienos TaipBendras svoris 50 g<\/p>","protected":false},"excerpt":{"rendered":"<p>Antifrizo testeris \/ areotemp<\/p>","protected":false},"featured_media":250744,"comment_status":"open","ping_status":"open","template":"","meta":[],"product_cat":[9549],"product_tag":[9435],"class_list":{"0":"post-250742","1":"product","2":"type-product","3":"status-publish","4":"has-post-thumbnail","6":"product_brand-kinija","7":"product_cat-skysciu-tankio-matuokliai","8":"product_tag-kinija","10":"first","11":"outofstock","12":"purchasable","13":"product-type-simple"},"jetpack_sharing_enabled":true,"_links":{"self":[{"href":"https:\/\/irankiuzona.lt\/ru\/wp-json\/wp\/v2\/product\/250742","targetHints":{"allow":["GET"]}}],"collection":[{"href":"https:\/\/irankiuzona.lt\/ru\/wp-json\/wp\/v2\/product"}],"about":[{"href":"https:\/\/irankiuzona.lt\/ru\/wp-json\/wp\/v2\/types\/product"}],"replies":[{"embeddable":true,"href":"https:\/\/irankiuzona.lt\/ru\/wp-json\/wp\/v2\/comments?post=250742"}],"version-history":[{"count":0,"href":"https:\/\/irankiuzona.lt\/ru\/wp-json\/wp\/v2\/product\/250742\/revisions"}],"wp:featuredmedia":[{"embeddable":true,"href":"https:\/\/irankiuzona.lt\/ru\/wp-json\/wp\/v2\/media\/250744"}],"wp:attachment":[{"href":"https:\/\/irankiuzona.lt\/ru\/wp-json\/wp\/v2\/media?parent=250742"}],"wp:term":[{"taxonomy":"product_cat","embeddable":true,"href":"https:\/\/irankiuzona.lt\/ru\/wp-json\/wp\/v2\/product_cat?post=250742"},{"taxonomy":"product_tag","embeddable":true,"href":"https:\/\/irankiuzona.lt\/ru\/wp-json\/wp\/v2\/product_tag?post=250742"}],"curies":[{"name":"wp","href":"https:\/\/api.w.org\/{rel}","templated":true}]}}