{"id":250769,"date":"2024-09-29T09:30:14","date_gmt":"2024-09-29T09:30:14","guid":{"rendered":"https:\/\/irankiuzona.lt\/product\/preciziniu-antgaliu-komplektas-145-daliu-hogert-ht2e115\/"},"modified":"2026-04-04T20:42:18","modified_gmt":"2026-04-04T20:42:18","slug":"preciziniu-antgaliu-komplektas-145-daliu-hogert-ht2e115","status":"publish","type":"product","link":"https:\/\/irankiuzona.lt\/ru\/product\/preciziniu-antgaliu-komplektas-145-daliu-hogert-ht2e115\/","title":{"rendered":"Precizini\u0173 antgali\u0173 komplektas \/ 145 dali\u0173, HOGERT HT2E115"},"content":{"rendered":"<p>Precizini\u0173 antgali\u0173 komplektas \/ 145 dali\u0173<br \/>\nKotelis &#8211; 3,2 mm<br \/>\nPriedai, skirti gr\u0119\u017eimui, \u0161lifavimui, poliravimui, frezavimui, graviravimui, valymui ir kt.Medini\u0173 ir metalini\u0173 med\u017eiag\u0173, plastik\u0173, mineral\u0173, stiklo ir keramikos gamini\u0173 apdirbimuiTiek profesionaliam, tiek hobiuiPriedai tinka elektriniams \u012frankiams su 3,2 mm rankenaRinkinys yra plastikiniame, skaidriame d\u0117kle<\/p>","protected":false},"excerpt":{"rendered":"<p>Precizini\u0173 antgali\u0173 komplektas \/ 145 dali\u0173<\/p>","protected":false},"featured_media":250771,"comment_status":"open","ping_status":"closed","template":"","meta":[],"product_cat":[9484],"product_tag":[9969],"class_list":{"0":"post-250769","1":"product","2":"type-product","3":"status-publish","4":"has-post-thumbnail","6":"product_brand-hogert-technik-vokietija","7":"product_cat-preciziniai-komplektai-medziagu-apdirbimui","8":"product_tag-hogert-technik-vokietija","10":"first","11":"instock","12":"purchasable","13":"product-type-simple"},"jetpack_sharing_enabled":true,"_links":{"self":[{"href":"https:\/\/irankiuzona.lt\/ru\/wp-json\/wp\/v2\/product\/250769","targetHints":{"allow":["GET"]}}],"collection":[{"href":"https:\/\/irankiuzona.lt\/ru\/wp-json\/wp\/v2\/product"}],"about":[{"href":"https:\/\/irankiuzona.lt\/ru\/wp-json\/wp\/v2\/types\/product"}],"replies":[{"embeddable":true,"href":"https:\/\/irankiuzona.lt\/ru\/wp-json\/wp\/v2\/comments?post=250769"}],"version-history":[{"count":0,"href":"https:\/\/irankiuzona.lt\/ru\/wp-json\/wp\/v2\/product\/250769\/revisions"}],"wp:featuredmedia":[{"embeddable":true,"href":"https:\/\/irankiuzona.lt\/ru\/wp-json\/wp\/v2\/media\/250771"}],"wp:attachment":[{"href":"https:\/\/irankiuzona.lt\/ru\/wp-json\/wp\/v2\/media?parent=250769"}],"wp:term":[{"taxonomy":"product_cat","embeddable":true,"href":"https:\/\/irankiuzona.lt\/ru\/wp-json\/wp\/v2\/product_cat?post=250769"},{"taxonomy":"product_tag","embeddable":true,"href":"https:\/\/irankiuzona.lt\/ru\/wp-json\/wp\/v2\/product_tag?post=250769"}],"curies":[{"name":"wp","href":"https:\/\/api.w.org\/{rel}","templated":true}]}}