{"id":250781,"date":"2024-09-29T09:30:16","date_gmt":"2024-09-29T09:30:16","guid":{"rendered":"https:\/\/irankiuzona.lt\/product\/pneumatine-terksle-3-8-34nm-kampine\/"},"modified":"2026-04-21T18:39:52","modified_gmt":"2026-04-21T18:39:52","slug":"pneumatine-terksle-3-8-34nm-kampine","status":"publish","type":"product","link":"https:\/\/irankiuzona.lt\/ru\/product\/pneumatine-terksle-3-8-34nm-kampine\/","title":{"rendered":"Pneumatin\u0117 terk\u0161l\u0117  3\/8&#8242; 34Nm kampin\u0117"},"content":{"rendered":"<p>Descriptionmax. torque 34 Nmmax. air pressure: 6.2 barmax. idle speed 265 rpmair inlet: 6.3 mm (1\/4&quot;)Technical dataLength 175 mmGross weight 670 gCE Standard Yes<\/p>","protected":false},"excerpt":{"rendered":"<p>Pneumatinis ver\u017eliasukis\u00a0 3\/8&#8242; 34Nm kampinis<\/p>","protected":false},"featured_media":250783,"comment_status":"open","ping_status":"open","template":"","meta":[],"product_cat":[9666],"product_tag":[9845],"class_list":{"0":"post-250781","1":"product","2":"type-product","3":"status-publish","4":"has-post-thumbnail","6":"product_brand-vokietija-germany","7":"product_cat-pneumo-rankenos-terksles","8":"product_tag-vokietija-germany","10":"first","11":"outofstock","12":"purchasable","13":"product-type-simple"},"jetpack_sharing_enabled":true,"_links":{"self":[{"href":"https:\/\/irankiuzona.lt\/ru\/wp-json\/wp\/v2\/product\/250781","targetHints":{"allow":["GET"]}}],"collection":[{"href":"https:\/\/irankiuzona.lt\/ru\/wp-json\/wp\/v2\/product"}],"about":[{"href":"https:\/\/irankiuzona.lt\/ru\/wp-json\/wp\/v2\/types\/product"}],"replies":[{"embeddable":true,"href":"https:\/\/irankiuzona.lt\/ru\/wp-json\/wp\/v2\/comments?post=250781"}],"version-history":[{"count":1,"href":"https:\/\/irankiuzona.lt\/ru\/wp-json\/wp\/v2\/product\/250781\/revisions"}],"predecessor-version":[{"id":418913,"href":"https:\/\/irankiuzona.lt\/ru\/wp-json\/wp\/v2\/product\/250781\/revisions\/418913"}],"wp:featuredmedia":[{"embeddable":true,"href":"https:\/\/irankiuzona.lt\/ru\/wp-json\/wp\/v2\/media\/250783"}],"wp:attachment":[{"href":"https:\/\/irankiuzona.lt\/ru\/wp-json\/wp\/v2\/media?parent=250781"}],"wp:term":[{"taxonomy":"product_cat","embeddable":true,"href":"https:\/\/irankiuzona.lt\/ru\/wp-json\/wp\/v2\/product_cat?post=250781"},{"taxonomy":"product_tag","embeddable":true,"href":"https:\/\/irankiuzona.lt\/ru\/wp-json\/wp\/v2\/product_tag?post=250781"}],"curies":[{"name":"wp","href":"https:\/\/api.w.org\/{rel}","templated":true}]}}