{"id":250910,"date":"2024-09-29T09:30:29","date_gmt":"2024-09-29T09:30:29","guid":{"rendered":"https:\/\/irankiuzona.lt\/product\/dazymo-bakas-20l-2mm-pt-20m\/"},"modified":"2026-05-14T13:48:59","modified_gmt":"2026-05-14T13:48:59","slug":"dazymo-bakas-20l-2mm-pt-20m","status":"publish","type":"product","link":"https:\/\/irankiuzona.lt\/ru\/product\/dazymo-bakas-20l-2mm-pt-20m\/","title":{"rendered":"Da\u017eymo bakas 20L, 2mm (PT-20M)"},"content":{"rendered":"<p>TECHNINIAI DUOMENYS:<br \/>\nbako talpa &#8211; 20 litr\u0173oro s\u0105naudos &#8211; 220-280 l \/ mdarbinis sl\u0117gis &#8211; 2-5 baraipistoleto antgalis &#8211; 2 mm\u017earna orui sujungti su pistoletu &#8211; 2,9 mda\u017e\u0173 \/ klij\u0173 perdavimo \u017earna prie pistoleto &#8211; 2,9 mlakavimo pistoletas su 2,0 mm antgaliuSvoris: 22kg<\/p>","protected":false},"excerpt":{"rendered":"<p>Da\u017eymo aparatas 2mm su 20L talpa (PT-20M)<\/p>","protected":false},"featured_media":250912,"comment_status":"open","ping_status":"open","template":"","meta":[],"product_cat":[9739],"product_tag":[10087],"class_list":{"0":"post-250910","1":"product","2":"type-product","3":"status-publish","4":"has-post-thumbnail","6":"product_brand-verke","7":"product_cat-pistoletai-dazymui","8":"product_tag-verke","10":"first","11":"instock","12":"purchasable","13":"product-type-simple"},"jetpack_sharing_enabled":true,"_links":{"self":[{"href":"https:\/\/irankiuzona.lt\/ru\/wp-json\/wp\/v2\/product\/250910","targetHints":{"allow":["GET"]}}],"collection":[{"href":"https:\/\/irankiuzona.lt\/ru\/wp-json\/wp\/v2\/product"}],"about":[{"href":"https:\/\/irankiuzona.lt\/ru\/wp-json\/wp\/v2\/types\/product"}],"replies":[{"embeddable":true,"href":"https:\/\/irankiuzona.lt\/ru\/wp-json\/wp\/v2\/comments?post=250910"}],"version-history":[{"count":1,"href":"https:\/\/irankiuzona.lt\/ru\/wp-json\/wp\/v2\/product\/250910\/revisions"}],"predecessor-version":[{"id":418956,"href":"https:\/\/irankiuzona.lt\/ru\/wp-json\/wp\/v2\/product\/250910\/revisions\/418956"}],"wp:featuredmedia":[{"embeddable":true,"href":"https:\/\/irankiuzona.lt\/ru\/wp-json\/wp\/v2\/media\/250912"}],"wp:attachment":[{"href":"https:\/\/irankiuzona.lt\/ru\/wp-json\/wp\/v2\/media?parent=250910"}],"wp:term":[{"taxonomy":"product_cat","embeddable":true,"href":"https:\/\/irankiuzona.lt\/ru\/wp-json\/wp\/v2\/product_cat?post=250910"},{"taxonomy":"product_tag","embeddable":true,"href":"https:\/\/irankiuzona.lt\/ru\/wp-json\/wp\/v2\/product_tag?post=250910"}],"curies":[{"name":"wp","href":"https:\/\/api.w.org\/{rel}","templated":true}]}}