{"id":250946,"date":"2024-09-29T09:30:32","date_gmt":"2024-09-29T09:30:32","guid":{"rendered":"https:\/\/irankiuzona.lt\/product\/akumuliatoriaus-ikrovejas-20a-12v-24v-vp-30\/"},"modified":"2026-05-14T16:11:00","modified_gmt":"2026-05-14T16:11:00","slug":"akumuliatoriaus-ikrovejas-20a-12v-24v-vp-30","status":"publish","type":"product","link":"https:\/\/irankiuzona.lt\/ru\/product\/akumuliatoriaus-ikrovejas-20a-12v-24v-vp-30\/","title":{"rendered":"Akumuliatoriaus \u012fkrov\u0117jas 20A 12V\/24V (VP-30)"},"content":{"rendered":"<p>TECHNINIAI DUOMENYS:<br \/>\nmaitinimo \u012ftampa &#8211; 230V 50Hz\u012fkrovimo \u012ftampa &#8211; 12V, 24Vvardin\u0117 i\u0161\u0117jimo srov\u0117 &#8211; 16Adid\u017eiausia \u012fkrovimo srov\u0117 &#8211; 20Aakumuliatoriaus talpa &#8211; 100-250Ah<br \/>\nSvoris: 8,5kg<\/p>","protected":false},"excerpt":{"rendered":"<p>Akumuliatoriaus \u012fkrov\u0117jas 20A 12V\/24V (VP-30)<\/p>","protected":false},"featured_media":250948,"comment_status":"open","ping_status":"open","template":"","meta":[],"product_cat":[9881],"product_tag":[10087],"class_list":{"0":"post-250946","1":"product","2":"type-product","3":"status-publish","4":"has-post-thumbnail","6":"product_brand-verke","7":"product_cat-ikrovikliai-akumuliatoriams-akumuliatoriu-testeriai","8":"product_tag-verke","10":"first","11":"instock","12":"purchasable","13":"product-type-simple"},"jetpack_sharing_enabled":true,"_links":{"self":[{"href":"https:\/\/irankiuzona.lt\/ru\/wp-json\/wp\/v2\/product\/250946","targetHints":{"allow":["GET"]}}],"collection":[{"href":"https:\/\/irankiuzona.lt\/ru\/wp-json\/wp\/v2\/product"}],"about":[{"href":"https:\/\/irankiuzona.lt\/ru\/wp-json\/wp\/v2\/types\/product"}],"replies":[{"embeddable":true,"href":"https:\/\/irankiuzona.lt\/ru\/wp-json\/wp\/v2\/comments?post=250946"}],"version-history":[{"count":1,"href":"https:\/\/irankiuzona.lt\/ru\/wp-json\/wp\/v2\/product\/250946\/revisions"}],"predecessor-version":[{"id":418968,"href":"https:\/\/irankiuzona.lt\/ru\/wp-json\/wp\/v2\/product\/250946\/revisions\/418968"}],"wp:featuredmedia":[{"embeddable":true,"href":"https:\/\/irankiuzona.lt\/ru\/wp-json\/wp\/v2\/media\/250948"}],"wp:attachment":[{"href":"https:\/\/irankiuzona.lt\/ru\/wp-json\/wp\/v2\/media?parent=250946"}],"wp:term":[{"taxonomy":"product_cat","embeddable":true,"href":"https:\/\/irankiuzona.lt\/ru\/wp-json\/wp\/v2\/product_cat?post=250946"},{"taxonomy":"product_tag","embeddable":true,"href":"https:\/\/irankiuzona.lt\/ru\/wp-json\/wp\/v2\/product_tag?post=250946"}],"curies":[{"name":"wp","href":"https:\/\/api.w.org\/{rel}","templated":true}]}}