{"id":250949,"date":"2024-09-29T09:30:32","date_gmt":"2024-09-29T09:30:32","guid":{"rendered":"https:\/\/irankiuzona.lt\/product\/suvirinimo-aparatas-tig-mma-200a-71kw-230v-g-200v\/"},"modified":"2026-05-14T20:30:52","modified_gmt":"2026-05-14T20:30:52","slug":"suvirinimo-aparatas-tig-mma-200a-71kw-230v-g-200v","status":"publish","type":"product","link":"https:\/\/irankiuzona.lt\/ru\/product\/suvirinimo-aparatas-tig-mma-200a-71kw-230v-g-200v\/","title":{"rendered":"Suvirinimo aparatas TIG\/MMA 200A 7,1kW 230V G-200V"},"content":{"rendered":"<p>TECHNINIAI DUOMENYS:<br \/>\n\u012ftampa 230V-50Hzabsorbuota galia: 7,1 kVAsuvirinimo srov\u0117s reguliavimas: 20-200Adarbo ciklas: 60%elektrodo skersmuo: 2,5\u20134,0lankinis u\u017edegimas: kontaktasapsaugos laipsnis: IP21Au\u0161intuvasTermin\u0117 apsaugaLCD ekranas<br \/>\nSvoris: 13,26kg<\/p>","protected":false},"excerpt":{"rendered":"<p>Suvirinimo aparatas TIG\/MMA 200A 7,1kW 230V G-200V<\/p>","protected":false},"featured_media":250951,"comment_status":"open","ping_status":"open","template":"","meta":[],"product_cat":[9893],"product_tag":[10087],"class_list":{"0":"post-250949","1":"product","2":"type-product","3":"status-publish","4":"has-post-thumbnail","6":"product_brand-verke","7":"product_cat-suvirinimo-iranga","8":"product_tag-verke","10":"first","11":"outofstock","12":"purchasable","13":"product-type-simple"},"jetpack_sharing_enabled":true,"_links":{"self":[{"href":"https:\/\/irankiuzona.lt\/ru\/wp-json\/wp\/v2\/product\/250949","targetHints":{"allow":["GET"]}}],"collection":[{"href":"https:\/\/irankiuzona.lt\/ru\/wp-json\/wp\/v2\/product"}],"about":[{"href":"https:\/\/irankiuzona.lt\/ru\/wp-json\/wp\/v2\/types\/product"}],"replies":[{"embeddable":true,"href":"https:\/\/irankiuzona.lt\/ru\/wp-json\/wp\/v2\/comments?post=250949"}],"version-history":[{"count":1,"href":"https:\/\/irankiuzona.lt\/ru\/wp-json\/wp\/v2\/product\/250949\/revisions"}],"predecessor-version":[{"id":418969,"href":"https:\/\/irankiuzona.lt\/ru\/wp-json\/wp\/v2\/product\/250949\/revisions\/418969"}],"wp:featuredmedia":[{"embeddable":true,"href":"https:\/\/irankiuzona.lt\/ru\/wp-json\/wp\/v2\/media\/250951"}],"wp:attachment":[{"href":"https:\/\/irankiuzona.lt\/ru\/wp-json\/wp\/v2\/media?parent=250949"}],"wp:term":[{"taxonomy":"product_cat","embeddable":true,"href":"https:\/\/irankiuzona.lt\/ru\/wp-json\/wp\/v2\/product_cat?post=250949"},{"taxonomy":"product_tag","embeddable":true,"href":"https:\/\/irankiuzona.lt\/ru\/wp-json\/wp\/v2\/product_tag?post=250949"}],"curies":[{"name":"wp","href":"https:\/\/api.w.org\/{rel}","templated":true}]}}