{"id":250976,"date":"2024-09-29T09:30:35","date_gmt":"2024-09-29T09:30:35","guid":{"rendered":"https:\/\/irankiuzona.lt\/product\/sleginis-tepalo-svirkstas-pistoletas-su-3l-talpa\/"},"modified":"2026-04-14T23:08:41","modified_gmt":"2026-04-14T23:08:41","slug":"sleginis-tepalo-svirkstas-pistoletas-su-3l-talpa","status":"publish","type":"product","link":"https:\/\/irankiuzona.lt\/ru\/product\/sleginis-tepalo-svirkstas-pistoletas-su-3l-talpa\/","title":{"rendered":"Sl\u0117ginis tepalo \u0161virk\u0161tas-pistoletas su 3L talpa"},"content":{"rendered":"<p>TECHNINIAI DUOMENYS:<br \/>\n\u017earna &#8211; 4 mdid\u017eiausias darbinis sl\u0117gis &#8211; 30 MPabakas &#8211; 3 lSvoris: 7,6kg<\/p>","protected":false},"excerpt":{"rendered":"<p>Sl\u0117ginis tepalo \u0161virk\u0161tas-pistoletas su 3L talpa<\/p>","protected":false},"featured_media":250978,"comment_status":"open","ping_status":"open","template":"","meta":[],"product_cat":[10031],"product_tag":[10087],"class_list":{"0":"post-250976","1":"product","2":"type-product","3":"status-publish","4":"has-post-thumbnail","6":"product_brand-verke","7":"product_cat-tepalo-uzpildymo-surinkimo-iranga-talpos-tepalams","8":"product_tag-verke","10":"first","11":"outofstock","12":"purchasable","13":"product-type-simple"},"jetpack_sharing_enabled":true,"_links":{"self":[{"href":"https:\/\/irankiuzona.lt\/ru\/wp-json\/wp\/v2\/product\/250976","targetHints":{"allow":["GET"]}}],"collection":[{"href":"https:\/\/irankiuzona.lt\/ru\/wp-json\/wp\/v2\/product"}],"about":[{"href":"https:\/\/irankiuzona.lt\/ru\/wp-json\/wp\/v2\/types\/product"}],"replies":[{"embeddable":true,"href":"https:\/\/irankiuzona.lt\/ru\/wp-json\/wp\/v2\/comments?post=250976"}],"version-history":[{"count":1,"href":"https:\/\/irankiuzona.lt\/ru\/wp-json\/wp\/v2\/product\/250976\/revisions"}],"predecessor-version":[{"id":418978,"href":"https:\/\/irankiuzona.lt\/ru\/wp-json\/wp\/v2\/product\/250976\/revisions\/418978"}],"wp:featuredmedia":[{"embeddable":true,"href":"https:\/\/irankiuzona.lt\/ru\/wp-json\/wp\/v2\/media\/250978"}],"wp:attachment":[{"href":"https:\/\/irankiuzona.lt\/ru\/wp-json\/wp\/v2\/media?parent=250976"}],"wp:term":[{"taxonomy":"product_cat","embeddable":true,"href":"https:\/\/irankiuzona.lt\/ru\/wp-json\/wp\/v2\/product_cat?post=250976"},{"taxonomy":"product_tag","embeddable":true,"href":"https:\/\/irankiuzona.lt\/ru\/wp-json\/wp\/v2\/product_tag?post=250976"}],"curies":[{"name":"wp","href":"https:\/\/api.w.org\/{rel}","templated":true}]}}