{"id":251197,"date":"2024-09-29T09:30:56","date_gmt":"2024-09-29T09:30:56","guid":{"rendered":"https:\/\/irankiuzona.lt\/product\/graztai-metalui-titaniniai-1-4-10vnt\/"},"modified":"2026-05-10T00:16:40","modified_gmt":"2026-05-10T00:16:40","slug":"graztai-metalui-titaniniai-1-4-10vnt","status":"publish","type":"product","link":"https:\/\/irankiuzona.lt\/ru\/product\/graztai-metalui-titaniniai-1-4-10vnt\/","title":{"rendered":"Gr\u0105\u017etai metalui titaniniai 1\/4&quot; 10vnt."},"content":{"rendered":"<p>HSS metalo gr\u0105\u017etas\u00a0\u00d8 1.5 mmHSS metalo gr\u0105\u017etas \u00d8 2.0 mmHSS\u00a0metalo gr\u0105\u017etas \u00d8 2.5 mmHSS\u00a0metalo gr\u0105\u017etas \u00d8 3.0 mmHSS\u00a0metalo gr\u0105\u017etas \u00d8 3.2 mmHSS\u00a0metalo gr\u0105\u017etas \u00d8 3.5 mmHSS\u00a0metalo gr\u0105\u017etas \u00d8 4.0 mmHSS\u00a0metalo gr\u0105\u017etas \u00d8 4.5 mmHSS\u00a0metalo gr\u0105\u017etas \u00d8 5.0 mmHSS\u00a0metalo gr\u0105\u017etas \u00d8 6.0 mm<\/p>","protected":false},"excerpt":{"rendered":"<p>Gr\u0105\u017etai metalui titaniniai 1\/4&quot; 10vnt.<\/p>","protected":false},"featured_media":251199,"comment_status":"open","ping_status":"open","template":"","meta":[],"product_cat":[9712],"product_tag":[9845],"class_list":{"0":"post-251197","1":"product","2":"type-product","3":"status-publish","4":"has-post-thumbnail","6":"product_brand-vokietija-germany","7":"product_cat-graztai-metalui-hss-din338","8":"product_tag-vokietija-germany","10":"first","11":"outofstock","12":"purchasable","13":"product-type-simple"},"jetpack_sharing_enabled":true,"_links":{"self":[{"href":"https:\/\/irankiuzona.lt\/ru\/wp-json\/wp\/v2\/product\/251197","targetHints":{"allow":["GET"]}}],"collection":[{"href":"https:\/\/irankiuzona.lt\/ru\/wp-json\/wp\/v2\/product"}],"about":[{"href":"https:\/\/irankiuzona.lt\/ru\/wp-json\/wp\/v2\/types\/product"}],"replies":[{"embeddable":true,"href":"https:\/\/irankiuzona.lt\/ru\/wp-json\/wp\/v2\/comments?post=251197"}],"version-history":[{"count":1,"href":"https:\/\/irankiuzona.lt\/ru\/wp-json\/wp\/v2\/product\/251197\/revisions"}],"predecessor-version":[{"id":419051,"href":"https:\/\/irankiuzona.lt\/ru\/wp-json\/wp\/v2\/product\/251197\/revisions\/419051"}],"wp:featuredmedia":[{"embeddable":true,"href":"https:\/\/irankiuzona.lt\/ru\/wp-json\/wp\/v2\/media\/251199"}],"wp:attachment":[{"href":"https:\/\/irankiuzona.lt\/ru\/wp-json\/wp\/v2\/media?parent=251197"}],"wp:term":[{"taxonomy":"product_cat","embeddable":true,"href":"https:\/\/irankiuzona.lt\/ru\/wp-json\/wp\/v2\/product_cat?post=251197"},{"taxonomy":"product_tag","embeddable":true,"href":"https:\/\/irankiuzona.lt\/ru\/wp-json\/wp\/v2\/product_tag?post=251197"}],"curies":[{"name":"wp","href":"https:\/\/api.w.org\/{rel}","templated":true}]}}