{"id":251200,"date":"2024-09-29T09:30:56","date_gmt":"2024-09-29T09:30:56","guid":{"rendered":"https:\/\/irankiuzona.lt\/product\/antgalis-ipresuotas-i-galvute-torx-t90-su-skyle-1-2-110-mm\/"},"modified":"2026-05-10T01:04:31","modified_gmt":"2026-05-10T01:04:31","slug":"antgalis-ipresuotas-i-galvute-torx-t90-su-skyle-1-2-110-mm","status":"publish","type":"product","link":"https:\/\/irankiuzona.lt\/ru\/product\/antgalis-ipresuotas-i-galvute-torx-t90-su-skyle-1-2-110-mm\/","title":{"rendered":"Antgalis \u012fpresuotas \u012f galvut\u0119 TORX T90 su skyle 1\/2 110 mm"},"content":{"rendered":"<p>Descriptionwith hexagon shaftknurledTechnical dataDrive profile Internal squareDrive profile size, inch 1\/2 &quot;Drive profile size, metric 12,5 mmOutput profile T-Star tamperproof (for Torx)Output profile size T90Surface finish Satin chrome platedMaterial Chrome Vanadium SteelLength 110 mmGross weight 310 g<\/p>","protected":false},"excerpt":{"rendered":"<p>Antgalis \u012fpresuotas \u012f galvut\u0119 TORX T90 su skyle 1\/2 110 mm<\/p>","protected":false},"featured_media":251202,"comment_status":"open","ping_status":"open","template":"","meta":[],"product_cat":[9591],"product_tag":[9845],"class_list":{"0":"post-251200","1":"product","2":"type-product","3":"status-publish","4":"has-post-thumbnail","6":"product_brand-vokietija-germany","7":"product_cat-1-2-ipresuoti-torx-antgaliai","8":"product_tag-vokietija-germany","10":"first","11":"outofstock","12":"purchasable","13":"product-type-simple"},"jetpack_sharing_enabled":true,"_links":{"self":[{"href":"https:\/\/irankiuzona.lt\/ru\/wp-json\/wp\/v2\/product\/251200","targetHints":{"allow":["GET"]}}],"collection":[{"href":"https:\/\/irankiuzona.lt\/ru\/wp-json\/wp\/v2\/product"}],"about":[{"href":"https:\/\/irankiuzona.lt\/ru\/wp-json\/wp\/v2\/types\/product"}],"replies":[{"embeddable":true,"href":"https:\/\/irankiuzona.lt\/ru\/wp-json\/wp\/v2\/comments?post=251200"}],"version-history":[{"count":1,"href":"https:\/\/irankiuzona.lt\/ru\/wp-json\/wp\/v2\/product\/251200\/revisions"}],"predecessor-version":[{"id":419052,"href":"https:\/\/irankiuzona.lt\/ru\/wp-json\/wp\/v2\/product\/251200\/revisions\/419052"}],"wp:featuredmedia":[{"embeddable":true,"href":"https:\/\/irankiuzona.lt\/ru\/wp-json\/wp\/v2\/media\/251202"}],"wp:attachment":[{"href":"https:\/\/irankiuzona.lt\/ru\/wp-json\/wp\/v2\/media?parent=251200"}],"wp:term":[{"taxonomy":"product_cat","embeddable":true,"href":"https:\/\/irankiuzona.lt\/ru\/wp-json\/wp\/v2\/product_cat?post=251200"},{"taxonomy":"product_tag","embeddable":true,"href":"https:\/\/irankiuzona.lt\/ru\/wp-json\/wp\/v2\/product_tag?post=251200"}],"curies":[{"name":"wp","href":"https:\/\/api.w.org\/{rel}","templated":true}]}}