{"id":251209,"date":"2024-09-29T09:30:57","date_gmt":"2024-09-29T09:30:57","guid":{"rendered":"https:\/\/irankiuzona.lt\/product\/graztu-rinkinys-metalui-1-10mm-pakopinis-graztas-119vnt\/"},"modified":"2026-05-14T04:52:02","modified_gmt":"2026-05-14T04:52:02","slug":"graztu-rinkinys-metalui-1-10mm-pakopinis-graztas-119vnt","status":"publish","type":"product","link":"https:\/\/irankiuzona.lt\/ru\/product\/graztu-rinkinys-metalui-1-10mm-pakopinis-graztas-119vnt\/","title":{"rendered":"Gr\u0105\u017et\u0173 rinkinys metalui 1-10mm + pakopinis gr\u0105\u017etas 119vnt"},"content":{"rendered":"<p>Descriptionmanufactured in accordance with DIN 338ground edgesincludes the following tools:Twist drill:15 x \u00d8 1.0 mm15 x \u00d8 1.5 mm10 x \u00d8 2.0 mm10 x \u00d8 2.5 mm12 x \u00d8 3.0 mm10 x \u00d8 3.5 mm12 x \u00d8 4.0 mm10 x \u00d8 4.5 mm8 x \u00d8 5.0 mm8 x \u00d8 6.0 mm3 x \u00d8 7.0 mm3 x \u00d8 8.0 mm2 x \u00d8 10.0 mmStepped drills1 x \u00d8 4 &#8211; 25 mmTechnical dataGross weight 1660 g<\/p>","protected":false},"excerpt":{"rendered":"<p>Gr\u0105\u017et\u0173 rinkinys metalui 1-10mm + pakopinis gr\u0105\u017etas 119vnt<\/p>","protected":false},"featured_media":251211,"comment_status":"open","ping_status":"open","template":"","meta":[],"product_cat":[9582],"product_tag":[9845],"class_list":{"0":"post-251209","1":"product","2":"type-product","3":"status-publish","4":"has-post-thumbnail","6":"product_brand-vokietija-germany","7":"product_cat-graztu-metalui-komplektai","8":"product_tag-vokietija-germany","10":"first","11":"outofstock","12":"purchasable","13":"product-type-simple"},"jetpack_sharing_enabled":true,"_links":{"self":[{"href":"https:\/\/irankiuzona.lt\/ru\/wp-json\/wp\/v2\/product\/251209","targetHints":{"allow":["GET"]}}],"collection":[{"href":"https:\/\/irankiuzona.lt\/ru\/wp-json\/wp\/v2\/product"}],"about":[{"href":"https:\/\/irankiuzona.lt\/ru\/wp-json\/wp\/v2\/types\/product"}],"replies":[{"embeddable":true,"href":"https:\/\/irankiuzona.lt\/ru\/wp-json\/wp\/v2\/comments?post=251209"}],"version-history":[{"count":1,"href":"https:\/\/irankiuzona.lt\/ru\/wp-json\/wp\/v2\/product\/251209\/revisions"}],"predecessor-version":[{"id":419055,"href":"https:\/\/irankiuzona.lt\/ru\/wp-json\/wp\/v2\/product\/251209\/revisions\/419055"}],"wp:featuredmedia":[{"embeddable":true,"href":"https:\/\/irankiuzona.lt\/ru\/wp-json\/wp\/v2\/media\/251211"}],"wp:attachment":[{"href":"https:\/\/irankiuzona.lt\/ru\/wp-json\/wp\/v2\/media?parent=251209"}],"wp:term":[{"taxonomy":"product_cat","embeddable":true,"href":"https:\/\/irankiuzona.lt\/ru\/wp-json\/wp\/v2\/product_cat?post=251209"},{"taxonomy":"product_tag","embeddable":true,"href":"https:\/\/irankiuzona.lt\/ru\/wp-json\/wp\/v2\/product_tag?post=251209"}],"curies":[{"name":"wp","href":"https:\/\/api.w.org\/{rel}","templated":true}]}}