{"id":251292,"date":"2024-09-29T09:40:07","date_gmt":"2024-09-29T09:40:07","guid":{"rendered":"https:\/\/irankiuzona.lt\/product\/prailgintuvas-1-4-100mm-sesiakampiu-galu\/"},"modified":"2026-03-27T15:00:45","modified_gmt":"2026-03-27T15:00:45","slug":"prailgintuvas-1-4-100mm-sesiakampiu-galu","status":"publish","type":"product","link":"https:\/\/irankiuzona.lt\/ru\/product\/prailgintuvas-1-4-100mm-sesiakampiu-galu\/","title":{"rendered":"Prailgintuvas 1\/4&quot; 100mm \/ \u0161e\u0161iakampiu galu"},"content":{"rendered":"<p>Galimyb\u0117 sukti raktu, ar papildomai prilaikyti, d\u0117l 6-kamp\u0117s prailgintuvo galo formos.Chrome &#8211; vanadium steelExtension 1\/4&quot; with auxiliar hexagon on the waist (With auxiliary tightening 6 &#8211; edge.)There is a notch on the shaft for auxiliary holding. Extensions are for manual use only.<\/p>","protected":false},"excerpt":{"rendered":"<p>Prailgintuvas 1\/4 galvut\u0117ms su \u0161e\u0161iakampiu HEX galu, 100mm ilgio<\/p>","protected":false},"featured_media":251294,"comment_status":"open","ping_status":"open","template":"","meta":[],"product_cat":[9606],"product_tag":[9778],"class_list":{"0":"post-251292","1":"product","2":"type-product","3":"status-publish","4":"has-post-thumbnail","6":"product_brand-triumf-professional-tools-slovakija","7":"product_cat-1-4-63-mm-prailgintuvai","8":"product_tag-triumf-professional-tools-slovakija","10":"first","11":"outofstock","12":"purchasable","13":"product-type-simple"},"jetpack_sharing_enabled":true,"_links":{"self":[{"href":"https:\/\/irankiuzona.lt\/ru\/wp-json\/wp\/v2\/product\/251292","targetHints":{"allow":["GET"]}}],"collection":[{"href":"https:\/\/irankiuzona.lt\/ru\/wp-json\/wp\/v2\/product"}],"about":[{"href":"https:\/\/irankiuzona.lt\/ru\/wp-json\/wp\/v2\/types\/product"}],"replies":[{"embeddable":true,"href":"https:\/\/irankiuzona.lt\/ru\/wp-json\/wp\/v2\/comments?post=251292"}],"version-history":[{"count":1,"href":"https:\/\/irankiuzona.lt\/ru\/wp-json\/wp\/v2\/product\/251292\/revisions"}],"predecessor-version":[{"id":419079,"href":"https:\/\/irankiuzona.lt\/ru\/wp-json\/wp\/v2\/product\/251292\/revisions\/419079"}],"wp:featuredmedia":[{"embeddable":true,"href":"https:\/\/irankiuzona.lt\/ru\/wp-json\/wp\/v2\/media\/251294"}],"wp:attachment":[{"href":"https:\/\/irankiuzona.lt\/ru\/wp-json\/wp\/v2\/media?parent=251292"}],"wp:term":[{"taxonomy":"product_cat","embeddable":true,"href":"https:\/\/irankiuzona.lt\/ru\/wp-json\/wp\/v2\/product_cat?post=251292"},{"taxonomy":"product_tag","embeddable":true,"href":"https:\/\/irankiuzona.lt\/ru\/wp-json\/wp\/v2\/product_tag?post=251292"}],"curies":[{"name":"wp","href":"https:\/\/api.w.org\/{rel}","templated":true}]}}