{"id":251366,"date":"2024-09-29T09:40:14","date_gmt":"2024-09-29T09:40:14","guid":{"rendered":"https:\/\/irankiuzona.lt\/product\/spec-raktas-14mm-greito-sukimo\/"},"modified":"2026-03-28T13:06:30","modified_gmt":"2026-03-28T13:06:30","slug":"spec-raktas-14mm-greito-sukimo","status":"publish","type":"product","link":"https:\/\/irankiuzona.lt\/ru\/product\/spec-raktas-14mm-greito-sukimo\/","title":{"rendered":"Spec raktas 14mm \/ greito sukimo"},"content":{"rendered":"<p>D\u0117l specialios rakto konstrukcijos, patogu sukti var\u017etus bei ver\u017el\u0117s, nenuimant pilnai rakto. Greito sukimo kombinuotas raktas.14mm DRIVE-ON WRENCH, 12PT FLANK, SATIN FINISH<\/p>","protected":false},"excerpt":{"rendered":"<p>Specialios konstrukcijos 14mm kombinuotas raktas, skirtas greitam sukimui<\/p>","protected":false},"featured_media":251368,"comment_status":"open","ping_status":"open","template":"","meta":[],"product_cat":[9611],"product_tag":[9778],"class_list":{"0":"post-251366","1":"product","2":"type-product","3":"status-publish","4":"has-post-thumbnail","6":"product_brand-triumf-professional-tools-slovakija","7":"product_cat-spec-raktai","8":"product_tag-triumf-professional-tools-slovakija","10":"first","11":"outofstock","12":"purchasable","13":"product-type-simple"},"jetpack_sharing_enabled":true,"_links":{"self":[{"href":"https:\/\/irankiuzona.lt\/ru\/wp-json\/wp\/v2\/product\/251366","targetHints":{"allow":["GET"]}}],"collection":[{"href":"https:\/\/irankiuzona.lt\/ru\/wp-json\/wp\/v2\/product"}],"about":[{"href":"https:\/\/irankiuzona.lt\/ru\/wp-json\/wp\/v2\/types\/product"}],"replies":[{"embeddable":true,"href":"https:\/\/irankiuzona.lt\/ru\/wp-json\/wp\/v2\/comments?post=251366"}],"version-history":[{"count":1,"href":"https:\/\/irankiuzona.lt\/ru\/wp-json\/wp\/v2\/product\/251366\/revisions"}],"predecessor-version":[{"id":419099,"href":"https:\/\/irankiuzona.lt\/ru\/wp-json\/wp\/v2\/product\/251366\/revisions\/419099"}],"wp:featuredmedia":[{"embeddable":true,"href":"https:\/\/irankiuzona.lt\/ru\/wp-json\/wp\/v2\/media\/251368"}],"wp:attachment":[{"href":"https:\/\/irankiuzona.lt\/ru\/wp-json\/wp\/v2\/media?parent=251366"}],"wp:term":[{"taxonomy":"product_cat","embeddable":true,"href":"https:\/\/irankiuzona.lt\/ru\/wp-json\/wp\/v2\/product_cat?post=251366"},{"taxonomy":"product_tag","embeddable":true,"href":"https:\/\/irankiuzona.lt\/ru\/wp-json\/wp\/v2\/product_tag?post=251366"}],"curies":[{"name":"wp","href":"https:\/\/api.w.org\/{rel}","templated":true}]}}