{"id":251416,"date":"2024-09-29T09:40:20","date_gmt":"2024-09-29T09:40:20","guid":{"rendered":"https:\/\/irankiuzona.lt\/product\/graztas-keramikinem-plytelem-ir-stiklui-12mm\/"},"modified":"2026-04-16T10:48:09","modified_gmt":"2026-04-16T10:48:09","slug":"graztas-keramikinem-plytelem-ir-stiklui-12mm","status":"publish","type":"product","link":"https:\/\/irankiuzona.lt\/ru\/product\/graztas-keramikinem-plytelem-ir-stiklui-12mm\/","title":{"rendered":"Gr\u0105\u017etas keramikin\u0117m plytel\u0117m ir stiklui 12mm"},"content":{"rendered":"<p>Gr\u0105\u017etas skirtas gr\u0119\u017eti stikl\u0105, keramik\u0105, glaz\u016br\u0105. Netinka gr\u0119\u017eti kietoms med\u017eiagoms, tokioms kaip porcelianiniai keramikos dirbiniai, akmuo, marmuras ir kt.Gr\u0105\u017etas daro skyles gr\u0105\u017etu, gr\u0119\u017eia be sm\u016bgio.\u00a0Rekomenduojama naudoti skyst\u012f, pvz., terpentin\u0105 &#8211; lubrikant\u0105skersmuo 12,0 mmcilindrinis kotas<\/p>","protected":false},"excerpt":{"rendered":"<p>Gr\u0105\u017etas keramikin\u0117m plytel\u0117m ir stiklui 12mm<\/p>","protected":false},"featured_media":251418,"comment_status":"open","ping_status":"open","template":"","meta":[],"product_cat":[9859],"product_tag":[],"class_list":{"0":"post-251416","1":"product","2":"type-product","3":"status-publish","4":"has-post-thumbnail","6":"product_cat-graztai-stiklui","8":"first","9":"instock","10":"purchasable","11":"product-type-simple"},"jetpack_sharing_enabled":true,"_links":{"self":[{"href":"https:\/\/irankiuzona.lt\/ru\/wp-json\/wp\/v2\/product\/251416","targetHints":{"allow":["GET"]}}],"collection":[{"href":"https:\/\/irankiuzona.lt\/ru\/wp-json\/wp\/v2\/product"}],"about":[{"href":"https:\/\/irankiuzona.lt\/ru\/wp-json\/wp\/v2\/types\/product"}],"replies":[{"embeddable":true,"href":"https:\/\/irankiuzona.lt\/ru\/wp-json\/wp\/v2\/comments?post=251416"}],"version-history":[{"count":1,"href":"https:\/\/irankiuzona.lt\/ru\/wp-json\/wp\/v2\/product\/251416\/revisions"}],"predecessor-version":[{"id":419114,"href":"https:\/\/irankiuzona.lt\/ru\/wp-json\/wp\/v2\/product\/251416\/revisions\/419114"}],"wp:featuredmedia":[{"embeddable":true,"href":"https:\/\/irankiuzona.lt\/ru\/wp-json\/wp\/v2\/media\/251418"}],"wp:attachment":[{"href":"https:\/\/irankiuzona.lt\/ru\/wp-json\/wp\/v2\/media?parent=251416"}],"wp:term":[{"taxonomy":"product_cat","embeddable":true,"href":"https:\/\/irankiuzona.lt\/ru\/wp-json\/wp\/v2\/product_cat?post=251416"},{"taxonomy":"product_tag","embeddable":true,"href":"https:\/\/irankiuzona.lt\/ru\/wp-json\/wp\/v2\/product_tag?post=251416"}],"curies":[{"name":"wp","href":"https:\/\/api.w.org\/{rel}","templated":true}]}}