{"id":251428,"date":"2024-09-29T09:40:21","date_gmt":"2024-09-29T09:40:21","guid":{"rendered":"https:\/\/irankiuzona.lt\/product\/pneumatinis-greztuvas-suvirinimo-taskams\/"},"modified":"2025-05-26T04:30:21","modified_gmt":"2025-05-26T04:30:21","slug":"pneumatinis-greztuvas-suvirinimo-taskams","status":"publish","type":"product","link":"https:\/\/irankiuzona.lt\/ru\/product\/pneumatinis-greztuvas-suvirinimo-taskams\/","title":{"rendered":"Pneumatinis gr\u0119\u017etuvas suvirinimo ta\u0161kams"},"content":{"rendered":"<p>Air Spot Drill, with 2&quot; hook<\/p>\n<p>with automatic contact pressure and removable hook<br \/>\nto break up welding spots on car body sheet metal<br \/>\nfor spot weld cutters with 8 mm shank<br \/>\nadjustable drilling depth<br \/>\nair inlet 1\/4&quot;<br \/>\nnoise level 85 db<br \/>\nwith clamping hook, working depth 5.5 cm<\/p>\n<p>Speed: 1600 rpmAir Consumption: 170 l\/minOperating Pressure max.: 6.3 bar (90 psi)<\/p>","protected":false},"excerpt":{"rendered":"<p>Pneumo \u012frankis &#8211; Pneumatinis gr\u0105\u017etas suvirinimo ta\u0161kams nugr\u0119\u017eti<\/p>","protected":false},"featured_media":251430,"comment_status":"open","ping_status":"open","template":"","meta":[],"product_cat":[9602],"product_tag":[9462],"class_list":{"0":"post-251428","1":"product","2":"type-product","3":"status-publish","4":"has-post-thumbnail","6":"product_brand-condor-werkzeug-vokietija","7":"product_cat-graztai-suvirinimo-taskams","8":"product_tag-condor-werkzeug-vokietija","10":"first","11":"outofstock","12":"purchasable","13":"product-type-simple"},"jetpack_sharing_enabled":true,"_links":{"self":[{"href":"https:\/\/irankiuzona.lt\/ru\/wp-json\/wp\/v2\/product\/251428","targetHints":{"allow":["GET"]}}],"collection":[{"href":"https:\/\/irankiuzona.lt\/ru\/wp-json\/wp\/v2\/product"}],"about":[{"href":"https:\/\/irankiuzona.lt\/ru\/wp-json\/wp\/v2\/types\/product"}],"replies":[{"embeddable":true,"href":"https:\/\/irankiuzona.lt\/ru\/wp-json\/wp\/v2\/comments?post=251428"}],"version-history":[{"count":0,"href":"https:\/\/irankiuzona.lt\/ru\/wp-json\/wp\/v2\/product\/251428\/revisions"}],"wp:featuredmedia":[{"embeddable":true,"href":"https:\/\/irankiuzona.lt\/ru\/wp-json\/wp\/v2\/media\/251430"}],"wp:attachment":[{"href":"https:\/\/irankiuzona.lt\/ru\/wp-json\/wp\/v2\/media?parent=251428"}],"wp:term":[{"taxonomy":"product_cat","embeddable":true,"href":"https:\/\/irankiuzona.lt\/ru\/wp-json\/wp\/v2\/product_cat?post=251428"},{"taxonomy":"product_tag","embeddable":true,"href":"https:\/\/irankiuzona.lt\/ru\/wp-json\/wp\/v2\/product_tag?post=251428"}],"curies":[{"name":"wp","href":"https:\/\/api.w.org\/{rel}","templated":true}]}}