{"id":251607,"date":"2024-09-29T09:40:41","date_gmt":"2024-09-29T09:40:41","guid":{"rendered":"https:\/\/irankiuzona.lt\/product\/adapteris-greiciu-dezes-tepalo-pildymui-atf-dsg-7\/"},"modified":"2026-05-13T22:53:57","modified_gmt":"2026-05-13T22:53:57","slug":"adapteris-greiciu-dezes-tepalo-pildymui-atf-dsg-7","status":"publish","type":"product","link":"https:\/\/irankiuzona.lt\/ru\/product\/adapteris-greiciu-dezes-tepalo-pildymui-atf-dsg-7\/","title":{"rendered":"Adapteris grei\u010di\u0173 d\u0117\u017e\u0117s tepalo pildymui ATF \/ DSG-7"},"content":{"rendered":"<p>VAG OEM:\u00a0VAS6617\/12Transmission Oil Filling Adapter ATF, for VAG 7-Gear DSG<\/p>\n<p>in Audi A4, A5, A6, A7 and Q5<br \/>\nsuitable for gearboxes 0CJ, 0CK, 0CL, 0DN, 0DP<br \/>\naccessory for no. 3996A and 3996\/17<\/p>","protected":false},"excerpt":{"rendered":"<p>Adapteris (VAS6617\/12)\u00a0automatini\u0173 grei\u010di\u0173 d\u0117\u017ei\u0173 tepalo pildymui \/ VAG ATF 7 b\u0117gi\u0173 DSG d\u0117\u017e\u0117ms<\/p>","protected":false},"featured_media":251609,"comment_status":"open","ping_status":"open","template":"","meta":[],"product_cat":[9571],"product_tag":[9462],"class_list":{"0":"post-251607","1":"product","2":"type-product","3":"status-publish","4":"has-post-thumbnail","6":"product_brand-condor-werkzeug-vokietija","7":"product_cat-pompos-alyvai-degalams-sifonai","8":"product_tag-condor-werkzeug-vokietija","10":"first","11":"instock","12":"purchasable","13":"product-type-simple"},"jetpack_sharing_enabled":true,"_links":{"self":[{"href":"https:\/\/irankiuzona.lt\/ru\/wp-json\/wp\/v2\/product\/251607","targetHints":{"allow":["GET"]}}],"collection":[{"href":"https:\/\/irankiuzona.lt\/ru\/wp-json\/wp\/v2\/product"}],"about":[{"href":"https:\/\/irankiuzona.lt\/ru\/wp-json\/wp\/v2\/types\/product"}],"replies":[{"embeddable":true,"href":"https:\/\/irankiuzona.lt\/ru\/wp-json\/wp\/v2\/comments?post=251607"}],"version-history":[{"count":1,"href":"https:\/\/irankiuzona.lt\/ru\/wp-json\/wp\/v2\/product\/251607\/revisions"}],"predecessor-version":[{"id":419177,"href":"https:\/\/irankiuzona.lt\/ru\/wp-json\/wp\/v2\/product\/251607\/revisions\/419177"}],"wp:featuredmedia":[{"embeddable":true,"href":"https:\/\/irankiuzona.lt\/ru\/wp-json\/wp\/v2\/media\/251609"}],"wp:attachment":[{"href":"https:\/\/irankiuzona.lt\/ru\/wp-json\/wp\/v2\/media?parent=251607"}],"wp:term":[{"taxonomy":"product_cat","embeddable":true,"href":"https:\/\/irankiuzona.lt\/ru\/wp-json\/wp\/v2\/product_cat?post=251607"},{"taxonomy":"product_tag","embeddable":true,"href":"https:\/\/irankiuzona.lt\/ru\/wp-json\/wp\/v2\/product_tag?post=251607"}],"curies":[{"name":"wp","href":"https:\/\/api.w.org\/{rel}","templated":true}]}}