{"id":251613,"date":"2024-09-29T09:40:42","date_gmt":"2024-09-29T09:40:42","guid":{"rendered":"https:\/\/irankiuzona.lt\/product\/padidinimo-stiklas-60mm\/"},"modified":"2026-04-10T17:10:45","modified_gmt":"2026-04-10T17:10:45","slug":"padidinimo-stiklas-60mm","status":"publish","type":"product","link":"https:\/\/irankiuzona.lt\/ru\/product\/padidinimo-stiklas-60mm\/","title":{"rendered":"Padidinimo stiklas 60mm"},"content":{"rendered":"<p>Padidinimo stiklas plastikiniu korpusu su plastikine ranken\u0117le.Kartonin\u0117je pakuot\u0117je.<\/p>","protected":false},"excerpt":{"rendered":"<p>Padidinimo stiklas 60mm<\/p>","protected":false},"featured_media":251615,"comment_status":"open","ping_status":"open","template":"","meta":[],"product_cat":[9759],"product_tag":[9439],"class_list":{"0":"post-251613","1":"product","2":"type-product","3":"status-publish","4":"has-post-thumbnail","6":"product_brand-toko-olandija","7":"product_cat-padidinimo-stiklai","8":"product_tag-toko-olandija","10":"first","11":"outofstock","12":"purchasable","13":"product-type-simple"},"jetpack_sharing_enabled":true,"_links":{"self":[{"href":"https:\/\/irankiuzona.lt\/ru\/wp-json\/wp\/v2\/product\/251613","targetHints":{"allow":["GET"]}}],"collection":[{"href":"https:\/\/irankiuzona.lt\/ru\/wp-json\/wp\/v2\/product"}],"about":[{"href":"https:\/\/irankiuzona.lt\/ru\/wp-json\/wp\/v2\/types\/product"}],"replies":[{"embeddable":true,"href":"https:\/\/irankiuzona.lt\/ru\/wp-json\/wp\/v2\/comments?post=251613"}],"version-history":[{"count":1,"href":"https:\/\/irankiuzona.lt\/ru\/wp-json\/wp\/v2\/product\/251613\/revisions"}],"predecessor-version":[{"id":419179,"href":"https:\/\/irankiuzona.lt\/ru\/wp-json\/wp\/v2\/product\/251613\/revisions\/419179"}],"wp:featuredmedia":[{"embeddable":true,"href":"https:\/\/irankiuzona.lt\/ru\/wp-json\/wp\/v2\/media\/251615"}],"wp:attachment":[{"href":"https:\/\/irankiuzona.lt\/ru\/wp-json\/wp\/v2\/media?parent=251613"}],"wp:term":[{"taxonomy":"product_cat","embeddable":true,"href":"https:\/\/irankiuzona.lt\/ru\/wp-json\/wp\/v2\/product_cat?post=251613"},{"taxonomy":"product_tag","embeddable":true,"href":"https:\/\/irankiuzona.lt\/ru\/wp-json\/wp\/v2\/product_tag?post=251613"}],"curies":[{"name":"wp","href":"https:\/\/api.w.org\/{rel}","templated":true}]}}