{"id":251640,"date":"2024-09-29T09:40:43","date_gmt":"2024-09-29T09:40:43","guid":{"rendered":"https:\/\/irankiuzona.lt\/product\/plokstuminis-slifuoklis-trikampinis-105w\/"},"modified":"2025-05-14T08:41:00","modified_gmt":"2025-05-14T08:41:00","slug":"plokstuminis-slifuoklis-trikampinis-105w","status":"publish","type":"product","link":"https:\/\/irankiuzona.lt\/ru\/product\/plokstuminis-slifuoklis-trikampinis-105w\/","title":{"rendered":"Plok\u0161tuminis \u0161lifuoklis trikampinis 105W"},"content":{"rendered":"<p>Kompakti\u0161ka ir lengva konstrukcija garantuoja optimal\u0173 patogum\u0105. Daugiafunkcin\u0117 \u0161lifavimo pado forma leid\u017eia apdoroti didelius plotus ir kampus. Efektyvi \u0161lifavimo technologija ir galingas variklis leid\u017eia greitai ir efektyviai pa\u0161alinti \u0161lifuojamos med\u017eiagos sluoksn\u012f. Ma\u017eas triuk\u0161mo ir vibracijos lygis.<br \/>\nGRAPHITE 59G335 techniniai duomenys:Galia: 105W\u0160lifavimo lapo plotas: 148mm.\u0160lifavimo lapo plotas: 97mm.Svoris: 1,4kg.Apsuk\u0173 skai\u010dius: 12000\/min.Matmenys: 140 x 140 x 97 mm.\u00a0 \u00a0\u00a0<br \/>\nGarantija: 24m\u0117n (fiziniam) &#8211; 12m\u0117n (juridiniam)<\/p>","protected":false},"excerpt":{"rendered":"<p>Trikampinis plok\u0161tuminis \u0161lifuoklis 105W galingumo \/ GRAPHITE\u00a059G335<\/p>","protected":false},"featured_media":251642,"comment_status":"open","ping_status":"open","template":"","meta":[],"product_cat":[9880],"product_tag":[9891],"class_list":{"0":"post-251640","1":"product","2":"type-product","3":"status-publish","4":"has-post-thumbnail","6":"product_brand-graphite","7":"product_cat-elektriniai-slifuokliai-ekscentriniai-plokstuminiai","8":"product_tag-graphite","10":"first","11":"outofstock","12":"purchasable","13":"product-type-simple"},"jetpack_sharing_enabled":true,"_links":{"self":[{"href":"https:\/\/irankiuzona.lt\/ru\/wp-json\/wp\/v2\/product\/251640","targetHints":{"allow":["GET"]}}],"collection":[{"href":"https:\/\/irankiuzona.lt\/ru\/wp-json\/wp\/v2\/product"}],"about":[{"href":"https:\/\/irankiuzona.lt\/ru\/wp-json\/wp\/v2\/types\/product"}],"replies":[{"embeddable":true,"href":"https:\/\/irankiuzona.lt\/ru\/wp-json\/wp\/v2\/comments?post=251640"}],"version-history":[{"count":0,"href":"https:\/\/irankiuzona.lt\/ru\/wp-json\/wp\/v2\/product\/251640\/revisions"}],"wp:featuredmedia":[{"embeddable":true,"href":"https:\/\/irankiuzona.lt\/ru\/wp-json\/wp\/v2\/media\/251642"}],"wp:attachment":[{"href":"https:\/\/irankiuzona.lt\/ru\/wp-json\/wp\/v2\/media?parent=251640"}],"wp:term":[{"taxonomy":"product_cat","embeddable":true,"href":"https:\/\/irankiuzona.lt\/ru\/wp-json\/wp\/v2\/product_cat?post=251640"},{"taxonomy":"product_tag","embeddable":true,"href":"https:\/\/irankiuzona.lt\/ru\/wp-json\/wp\/v2\/product_tag?post=251640"}],"curies":[{"name":"wp","href":"https:\/\/api.w.org\/{rel}","templated":true}]}}