{"id":251663,"date":"2024-09-29T09:40:44","date_gmt":"2024-09-29T09:40:44","guid":{"rendered":"https:\/\/irankiuzona.lt\/product\/daugiafunkcinis-multifunkcinis-irankis-180w-priedai\/"},"modified":"2025-05-14T08:41:01","modified_gmt":"2025-05-14T08:41:01","slug":"daugiafunkcinis-multifunkcinis-irankis-180w-priedai","status":"publish","type":"product","link":"https:\/\/irankiuzona.lt\/ru\/product\/daugiafunkcinis-multifunkcinis-irankis-180w-priedai\/","title":{"rendered":"Daugiafunkcinis-multifunkcinis \u012frankis 180W + priedai"},"content":{"rendered":"<p>Galingumas: 180 W<br \/>\n\u012etampa: 230 V &#8211; 50 Hz<br \/>\nApsisukim\u0173 skai\u010dius: 20000 aps\/min<br \/>\nMaksimalus disko diametras: 80 mm<br \/>\nSvoris: 1,35 kg<br \/>\nKomplektacijoje: lagaminas, \u0161lifavimo ir pjovimo priedai, dulki\u0173 nusiurbimo antgalis, u\u017ever\u017eimo raktas.<\/p>","protected":false},"excerpt":{"rendered":"<p>Daugiafunkcinis-multifunkcinis \u012frankis 180W + priedai \/\u00a0GRAPHITE 59G020<\/p>","protected":false},"featured_media":251665,"comment_status":"open","ping_status":"open","template":"","meta":[],"product_cat":[9760],"product_tag":[9891],"class_list":{"0":"post-251663","1":"product","2":"type-product","3":"status-publish","4":"has-post-thumbnail","6":"product_brand-graphite","7":"product_cat-daugiafunkciniai-irankiai-ir-priedai","8":"product_tag-graphite","10":"first","11":"outofstock","12":"purchasable","13":"product-type-simple"},"jetpack_sharing_enabled":true,"_links":{"self":[{"href":"https:\/\/irankiuzona.lt\/ru\/wp-json\/wp\/v2\/product\/251663","targetHints":{"allow":["GET"]}}],"collection":[{"href":"https:\/\/irankiuzona.lt\/ru\/wp-json\/wp\/v2\/product"}],"about":[{"href":"https:\/\/irankiuzona.lt\/ru\/wp-json\/wp\/v2\/types\/product"}],"replies":[{"embeddable":true,"href":"https:\/\/irankiuzona.lt\/ru\/wp-json\/wp\/v2\/comments?post=251663"}],"version-history":[{"count":0,"href":"https:\/\/irankiuzona.lt\/ru\/wp-json\/wp\/v2\/product\/251663\/revisions"}],"wp:featuredmedia":[{"embeddable":true,"href":"https:\/\/irankiuzona.lt\/ru\/wp-json\/wp\/v2\/media\/251665"}],"wp:attachment":[{"href":"https:\/\/irankiuzona.lt\/ru\/wp-json\/wp\/v2\/media?parent=251663"}],"wp:term":[{"taxonomy":"product_cat","embeddable":true,"href":"https:\/\/irankiuzona.lt\/ru\/wp-json\/wp\/v2\/product_cat?post=251663"},{"taxonomy":"product_tag","embeddable":true,"href":"https:\/\/irankiuzona.lt\/ru\/wp-json\/wp\/v2\/product_tag?post=251663"}],"curies":[{"name":"wp","href":"https:\/\/api.w.org\/{rel}","templated":true}]}}