{"id":251770,"date":"2024-09-29T09:40:52","date_gmt":"2024-09-29T09:40:52","guid":{"rendered":"https:\/\/irankiuzona.lt\/product\/hidraulinis-presas-20tonu-su-monometru-kojine-pavara\/"},"modified":"2024-11-19T00:29:43","modified_gmt":"2024-11-19T00:29:43","slug":"hidraulinis-presas-20tonu-su-monometru-kojine-pavara","status":"publish","type":"product","link":"https:\/\/irankiuzona.lt\/ru\/product\/hidraulinis-presas-20tonu-su-monometru-kojine-pavara\/","title":{"rendered":"Hidraulinis presas 20ton\u0173 su monometru + kojin\u0117 pavara"},"content":{"rendered":"<p>Galia 20 tCilindro eiga 230 mmDarbin\u0117 zona 0 &#8211;\u00a0860 mmValdymas rankinis + kojinisCilindro pad\u0117tis gali b\u016bti kei\u010diamaIntegruota st\u016bmoklio gr\u0105\u017einimo spyruokl\u0117Gabaritiniai matmenys 1630 x\u00a0275 x 245 mmPakuot\u0117s matmenys 1650 x 300 x 230 mmSvoris 210 kgCE atitiktis<br \/>\nCilindro pad\u0117tis gali b\u016bti kei\u010diama. Hidraulinis cilindras stumdomas \u012f \u0161onus.Integruota st\u016bmoklio gr\u0105\u017einimo spyruokl\u0117<br \/>\nPrie\u0161 prad\u0117dami naudotis presu, b\u016btinai atlaisvinkite hidraulin\u0117s pompos alsuoklio var\u017et\u0105!<\/p>","protected":false},"excerpt":{"rendered":"<p>Hidraulinis rankinis + kojinis presas su monometru, galia 20 ton\u0173<\/p>","protected":false},"featured_media":251772,"comment_status":"open","ping_status":"open","template":"","meta":[],"product_cat":[9946],"product_tag":[9435],"class_list":{"0":"post-251770","1":"product","2":"type-product","3":"status-publish","4":"has-post-thumbnail","6":"product_brand-kinija","7":"product_cat-hidrauliniai-presai","8":"product_tag-kinija","10":"first","11":"outofstock","12":"purchasable","13":"product-type-simple"},"jetpack_sharing_enabled":true,"_links":{"self":[{"href":"https:\/\/irankiuzona.lt\/ru\/wp-json\/wp\/v2\/product\/251770","targetHints":{"allow":["GET"]}}],"collection":[{"href":"https:\/\/irankiuzona.lt\/ru\/wp-json\/wp\/v2\/product"}],"about":[{"href":"https:\/\/irankiuzona.lt\/ru\/wp-json\/wp\/v2\/types\/product"}],"replies":[{"embeddable":true,"href":"https:\/\/irankiuzona.lt\/ru\/wp-json\/wp\/v2\/comments?post=251770"}],"version-history":[{"count":0,"href":"https:\/\/irankiuzona.lt\/ru\/wp-json\/wp\/v2\/product\/251770\/revisions"}],"wp:featuredmedia":[{"embeddable":true,"href":"https:\/\/irankiuzona.lt\/ru\/wp-json\/wp\/v2\/media\/251772"}],"wp:attachment":[{"href":"https:\/\/irankiuzona.lt\/ru\/wp-json\/wp\/v2\/media?parent=251770"}],"wp:term":[{"taxonomy":"product_cat","embeddable":true,"href":"https:\/\/irankiuzona.lt\/ru\/wp-json\/wp\/v2\/product_cat?post=251770"},{"taxonomy":"product_tag","embeddable":true,"href":"https:\/\/irankiuzona.lt\/ru\/wp-json\/wp\/v2\/product_tag?post=251770"}],"curies":[{"name":"wp","href":"https:\/\/api.w.org\/{rel}","templated":true}]}}