{"id":251773,"date":"2024-09-29T09:40:53","date_gmt":"2024-09-29T09:40:53","guid":{"rendered":"https:\/\/irankiuzona.lt\/product\/hidraulinis-presas-30tonu-su-monometru-dvieju-greiciu\/"},"modified":"2024-11-19T00:29:44","modified_gmt":"2024-11-19T00:29:44","slug":"hidraulinis-presas-30tonu-su-monometru-dvieju-greiciu","status":"publish","type":"product","link":"https:\/\/irankiuzona.lt\/ru\/product\/hidraulinis-presas-30tonu-su-monometru-dvieju-greiciu\/","title":{"rendered":"Hidraulinis presas 30ton\u0173 su monometru \/ dviej\u0173 grei\u010di\u0173"},"content":{"rendered":"<p>Galia 30 tCilindro eiga 150 mmDarbin\u0117 zona 0 &#8211; 820 mmValdymas rankinisCilindro pad\u0117tis gali b\u016bti kei\u010diamaIntegruota st\u016bmoklio gr\u0105\u017einimo spyruokl\u0117Gabaritiniai matmenys 1640 x 370 x 280 mmPakuot\u0117s matmenys 1660 x 380 x 240 mmSvoris 150 kgCE atitiktis<br \/>\nHidraulin\u0117 pompa su dvigubu st\u016bmokliuCilindro pad\u0117tis gali b\u016bti kei\u010diamaIntegruota st\u016bmoklio gr\u0105\u017einimo spyruokl\u0117<br \/>\nPrie\u0161 prad\u0117dami naudotis presu, b\u016btinai atlaisvinkite hidraulin\u0117s pompos alsuoklio var\u017et\u0105!<\/p>","protected":false},"excerpt":{"rendered":"<p>Hidraulinis rankinis dviej\u0173 grei\u010di\u0173 (dvigubos pompos) presas su monometru, galia 30 ton\u0173<\/p>","protected":false},"featured_media":251775,"comment_status":"open","ping_status":"open","template":"","meta":[],"product_cat":[9946],"product_tag":[9435],"class_list":{"0":"post-251773","1":"product","2":"type-product","3":"status-publish","4":"has-post-thumbnail","6":"product_brand-kinija","7":"product_cat-hidrauliniai-presai","8":"product_tag-kinija","10":"first","11":"outofstock","12":"purchasable","13":"product-type-simple"},"jetpack_sharing_enabled":true,"_links":{"self":[{"href":"https:\/\/irankiuzona.lt\/ru\/wp-json\/wp\/v2\/product\/251773","targetHints":{"allow":["GET"]}}],"collection":[{"href":"https:\/\/irankiuzona.lt\/ru\/wp-json\/wp\/v2\/product"}],"about":[{"href":"https:\/\/irankiuzona.lt\/ru\/wp-json\/wp\/v2\/types\/product"}],"replies":[{"embeddable":true,"href":"https:\/\/irankiuzona.lt\/ru\/wp-json\/wp\/v2\/comments?post=251773"}],"version-history":[{"count":0,"href":"https:\/\/irankiuzona.lt\/ru\/wp-json\/wp\/v2\/product\/251773\/revisions"}],"wp:featuredmedia":[{"embeddable":true,"href":"https:\/\/irankiuzona.lt\/ru\/wp-json\/wp\/v2\/media\/251775"}],"wp:attachment":[{"href":"https:\/\/irankiuzona.lt\/ru\/wp-json\/wp\/v2\/media?parent=251773"}],"wp:term":[{"taxonomy":"product_cat","embeddable":true,"href":"https:\/\/irankiuzona.lt\/ru\/wp-json\/wp\/v2\/product_cat?post=251773"},{"taxonomy":"product_tag","embeddable":true,"href":"https:\/\/irankiuzona.lt\/ru\/wp-json\/wp\/v2\/product_tag?post=251773"}],"curies":[{"name":"wp","href":"https:\/\/api.w.org\/{rel}","templated":true}]}}