{"id":251779,"date":"2024-09-29T09:40:53","date_gmt":"2024-09-29T09:40:53","guid":{"rendered":"https:\/\/irankiuzona.lt\/product\/profesionalus-stacionarus-greztuvas-16mm-100mm-spaustuvas-600w\/"},"modified":"2026-03-04T15:35:32","modified_gmt":"2026-03-04T15:35:32","slug":"profesionalus-stacionarus-greztuvas-16mm-100mm-spaustuvas-600w","status":"publish","type":"product","link":"https:\/\/irankiuzona.lt\/ru\/product\/profesionalus-stacionarus-greztuvas-16mm-100mm-spaustuvas-600w\/","title":{"rendered":"Profesionalus stacionarus gr\u0119\u017etuvas 16mm \/ 100mm spaustuvas \/ 600W"},"content":{"rendered":"<p>Profesionalios gre\u017eimo stakl\u0117s su dir\u017eine pavara, 12 grei\u010di\u0173 padeda apdirbti reikiam\u0105 gamin\u012f, Variklio galingumas 600w-0,8CV Stabilus plieninis korpusas. Reguliuojamas, sukamas stalas Paklaida <0,03 mm, i\u0161matuota gr\u0119\u017eimo a\u0161yje. Aluminio variklis A\u0161is su rutuliniais guoliais V tipo dir\u017eai Reguliuojamas stalas, pekreipiamas 45 \u00b0, pasukamas 360 \u00b0 Pagrindas T formos angomis Apsauginis, avarinis jungiklis, apsauga griebtuvui Tylai dirbanti aluminio skremuli\u0173 juostin\u0117 pavara Reguliuojamas gre\u017eimo gylis &quot;SOFTGRIP&quot; rankena Griebtuvas B18, Komplektacijoje yra papildomas prispaud\u0117jas( 100x20x110x235mm, kodas ABR705), griebtuvas ( kodas ABR702), raktas griebt\u016bvo tvirtinimui ( kodas ABR701), plei\u0161tas ( kodas ABR704).\nTechniniai duomenys:Garantija 2 metai Variklis 600W-0,8CV Variklio aps. 1400 t\/min Dydis 690x350x1060 mm Griebtuvas CM2 Grei\u010dio reguliavimas 12 Apsis\u016bkimai 180-2470 Max. Gre\u017eimo diam. 20 mm Gre\u017eimo gylis 190 mm Maks.atstumas nuo griebtuvo iki stalo 700 mm Maks.atstumas nuo griebtuvo iki pado 1190 mm Griebtuvo diam. 47 mm Stalo dydis 305x305 mm Pado dydis 485x290 mm Vertikali eiga 80 mm Variklis 220 V Da\u017enis 50 Hz Pakuot\u0117s dydis 800x500x300 Svoris NETO 61 KG Svoris BRUTO 64 KG\n<\/p>","protected":false},"excerpt":{"rendered":"<p>STACIONARUS GR\u0118\u017dTUVAS LEMAN PRC020 gr\u0119\u017eimo stakl\u0117s \/ 16mm griebtuvas &#8211; 100mm spaustuvai &#8211; galia 600W<\/p>","protected":false},"featured_media":251781,"comment_status":"open","ping_status":"open","template":"","meta":[],"product_cat":[10091],"product_tag":[9478],"class_list":{"0":"post-251779","1":"product","2":"type-product","3":"status-publish","4":"has-post-thumbnail","6":"product_brand-leman-prancuzija","7":"product_cat-grezimo-stakles","8":"product_tag-leman-prancuzija","10":"first","11":"outofstock","12":"purchasable","13":"product-type-simple"},"jetpack_sharing_enabled":true,"_links":{"self":[{"href":"https:\/\/irankiuzona.lt\/ru\/wp-json\/wp\/v2\/product\/251779","targetHints":{"allow":["GET"]}}],"collection":[{"href":"https:\/\/irankiuzona.lt\/ru\/wp-json\/wp\/v2\/product"}],"about":[{"href":"https:\/\/irankiuzona.lt\/ru\/wp-json\/wp\/v2\/types\/product"}],"replies":[{"embeddable":true,"href":"https:\/\/irankiuzona.lt\/ru\/wp-json\/wp\/v2\/comments?post=251779"}],"version-history":[{"count":1,"href":"https:\/\/irankiuzona.lt\/ru\/wp-json\/wp\/v2\/product\/251779\/revisions"}],"predecessor-version":[{"id":419202,"href":"https:\/\/irankiuzona.lt\/ru\/wp-json\/wp\/v2\/product\/251779\/revisions\/419202"}],"wp:featuredmedia":[{"embeddable":true,"href":"https:\/\/irankiuzona.lt\/ru\/wp-json\/wp\/v2\/media\/251781"}],"wp:attachment":[{"href":"https:\/\/irankiuzona.lt\/ru\/wp-json\/wp\/v2\/media?parent=251779"}],"wp:term":[{"taxonomy":"product_cat","embeddable":true,"href":"https:\/\/irankiuzona.lt\/ru\/wp-json\/wp\/v2\/product_cat?post=251779"},{"taxonomy":"product_tag","embeddable":true,"href":"https:\/\/irankiuzona.lt\/ru\/wp-json\/wp\/v2\/product_tag?post=251779"}],"curies":[{"name":"wp","href":"https:\/\/api.w.org\/{rel}","templated":true}]}}