{"id":251782,"date":"2024-09-29T09:40:54","date_gmt":"2024-09-29T09:40:54","guid":{"rendered":"https:\/\/irankiuzona.lt\/product\/dulkiu-surinkejas-60l-750w-galingumo\/"},"modified":"2026-05-14T19:39:29","modified_gmt":"2026-05-14T19:39:29","slug":"dulkiu-surinkejas-60l-750w-galingumo","status":"publish","type":"product","link":"https:\/\/irankiuzona.lt\/ru\/product\/dulkiu-surinkejas-60l-750w-galingumo\/","title":{"rendered":"Dulki\u0173 surink\u0117jas 60L \/ 750W galingumo"},"content":{"rendered":"<p>Variklis (230V-50Hz) 750 W &#8211; 1 CV Dydis (ilgisxplotisxauk\u0161tis) 870 x 380 x 1520 mm Aps. 2950 t\/min ventilaitoriaus diametras 230 mm Vidinis diametras 100 mm kiekis ir diametras jungties 1 x 100 mm \u017darnos ilgis 0,75 m Oro siurbimo greitis 14,15 m3\/min &#8211; 500 CFM Filtravimo mai\u0161o diametras 370 mm filtravimo mai\u0161o auk\u0161tis 650 mm Filtravimo mai\u0161o talpa 60 litrai Filtravimo mai\u0161o pralaidumas 5 micronai Neto svoris 30 Kg pakuot\u0117s dydi (ilgisxplotisxauk\u0161tis) 760 x 450 x 460 mm Brutto svoris 33 KgKomplektacija:\u00a0dulki\u0173 surink\u0117jas, mai\u0161as dulki\u0173 surinkimui, mai\u0161as oro i\u0161\u0117jimui, 2 x u\u017ever\u017eimo dir\u017eai mai\u0161ams, 0,75 m \u017earna nusiurbimui, 4 x transportavimo ratukai, plastikinis antgalis \u017earnai, naudojimo instrukcija, kartomnin\u0117 d\u0117\u017e\u0117.090001 PLASTIKINIS MAI\u0160AS DIAM.370X750 mm090002 MEDVILNINIS MAI\u0160AS DIAM.370X640 mm090003 FILTRAVIMO MAI\u0160AS DIAM. 370X650 mm090004 TVIRTINIMO JUOSTA090005 \u017dARNA PVC DIAM.100 mm090006 S\u0104VAR\u017dA , TVIRTINIMO JUOSTA<\/p>","protected":false},"excerpt":{"rendered":"<p>Dulki\u0173 surink\u0117jas LEMAN LOASP060 \/ Talpa 60L \/ 750W galingumo<\/p>","protected":false},"featured_media":251784,"comment_status":"open","ping_status":"open","template":"","meta":[],"product_cat":[9955],"product_tag":[9478],"class_list":{"0":"post-251782","1":"product","2":"type-product","3":"status-publish","4":"has-post-thumbnail","6":"product_brand-leman-prancuzija","7":"product_cat-dulkiu-siurbliai","8":"product_tag-leman-prancuzija","10":"first","11":"outofstock","12":"purchasable","13":"product-type-simple"},"jetpack_sharing_enabled":true,"_links":{"self":[{"href":"https:\/\/irankiuzona.lt\/ru\/wp-json\/wp\/v2\/product\/251782","targetHints":{"allow":["GET"]}}],"collection":[{"href":"https:\/\/irankiuzona.lt\/ru\/wp-json\/wp\/v2\/product"}],"about":[{"href":"https:\/\/irankiuzona.lt\/ru\/wp-json\/wp\/v2\/types\/product"}],"replies":[{"embeddable":true,"href":"https:\/\/irankiuzona.lt\/ru\/wp-json\/wp\/v2\/comments?post=251782"}],"version-history":[{"count":1,"href":"https:\/\/irankiuzona.lt\/ru\/wp-json\/wp\/v2\/product\/251782\/revisions"}],"predecessor-version":[{"id":419203,"href":"https:\/\/irankiuzona.lt\/ru\/wp-json\/wp\/v2\/product\/251782\/revisions\/419203"}],"wp:featuredmedia":[{"embeddable":true,"href":"https:\/\/irankiuzona.lt\/ru\/wp-json\/wp\/v2\/media\/251784"}],"wp:attachment":[{"href":"https:\/\/irankiuzona.lt\/ru\/wp-json\/wp\/v2\/media?parent=251782"}],"wp:term":[{"taxonomy":"product_cat","embeddable":true,"href":"https:\/\/irankiuzona.lt\/ru\/wp-json\/wp\/v2\/product_cat?post=251782"},{"taxonomy":"product_tag","embeddable":true,"href":"https:\/\/irankiuzona.lt\/ru\/wp-json\/wp\/v2\/product_tag?post=251782"}],"curies":[{"name":"wp","href":"https:\/\/api.w.org\/{rel}","templated":true}]}}