{"id":251810,"date":"2024-09-29T09:40:57","date_gmt":"2024-09-29T09:40:57","guid":{"rendered":"https:\/\/irankiuzona.lt\/product\/universalus-teleskopinis-laikiklis-su-ratukais-stiklams-kebulo-dalims\/"},"modified":"2026-04-28T00:48:10","modified_gmt":"2026-04-28T00:48:10","slug":"universalus-teleskopinis-laikiklis-su-ratukais-stiklams-kebulo-dalims","status":"publish","type":"product","link":"https:\/\/irankiuzona.lt\/ru\/product\/universalus-teleskopinis-laikiklis-su-ratukais-stiklams-kebulo-dalims\/","title":{"rendered":"Universalus teleskopinis laikiklis su ratukais, stiklams, k\u0117bulo dalims"},"content":{"rendered":"<p>Max. apkrova: iki 100kgAuk\u0161is: 84-132cmIlgis:\u00a022.5-138cmPlotis:\u00a086cmRatukai: 4 sukin\u0117jami, 2 su stabd\u017eiais<\/p>","protected":false},"excerpt":{"rendered":"<p>Universalus teleskopinis priekinio stiklo, k\u0117bulo dali\u0173 laikiklis su ratukais, reguliuojamo auk\u0161\u010dio ir ilgio<\/p>","protected":false},"featured_media":251812,"comment_status":"open","ping_status":"open","template":"","meta":[],"product_cat":[10095],"product_tag":[9435],"class_list":{"0":"post-251810","1":"product","2":"type-product","3":"status-publish","4":"has-post-thumbnail","6":"product_brand-kinija","7":"product_cat-ivairus-stovai-laikikliai-kebulo-dalims","8":"product_tag-kinija","10":"first","11":"outofstock","12":"purchasable","13":"product-type-simple"},"jetpack_sharing_enabled":true,"_links":{"self":[{"href":"https:\/\/irankiuzona.lt\/ru\/wp-json\/wp\/v2\/product\/251810","targetHints":{"allow":["GET"]}}],"collection":[{"href":"https:\/\/irankiuzona.lt\/ru\/wp-json\/wp\/v2\/product"}],"about":[{"href":"https:\/\/irankiuzona.lt\/ru\/wp-json\/wp\/v2\/types\/product"}],"replies":[{"embeddable":true,"href":"https:\/\/irankiuzona.lt\/ru\/wp-json\/wp\/v2\/comments?post=251810"}],"version-history":[{"count":1,"href":"https:\/\/irankiuzona.lt\/ru\/wp-json\/wp\/v2\/product\/251810\/revisions"}],"predecessor-version":[{"id":419213,"href":"https:\/\/irankiuzona.lt\/ru\/wp-json\/wp\/v2\/product\/251810\/revisions\/419213"}],"wp:featuredmedia":[{"embeddable":true,"href":"https:\/\/irankiuzona.lt\/ru\/wp-json\/wp\/v2\/media\/251812"}],"wp:attachment":[{"href":"https:\/\/irankiuzona.lt\/ru\/wp-json\/wp\/v2\/media?parent=251810"}],"wp:term":[{"taxonomy":"product_cat","embeddable":true,"href":"https:\/\/irankiuzona.lt\/ru\/wp-json\/wp\/v2\/product_cat?post=251810"},{"taxonomy":"product_tag","embeddable":true,"href":"https:\/\/irankiuzona.lt\/ru\/wp-json\/wp\/v2\/product_tag?post=251810"}],"curies":[{"name":"wp","href":"https:\/\/api.w.org\/{rel}","templated":true}]}}