{"id":252087,"date":"2024-09-29T09:50:26","date_gmt":"2024-09-29T09:50:26","guid":{"rendered":"https:\/\/irankiuzona.lt\/product\/pneumatines-sistemos-slegio-reguliatorius-3-8-su-tepimu-profi\/"},"modified":"2026-05-15T04:03:06","modified_gmt":"2026-05-15T04:03:06","slug":"pneumatines-sistemos-slegio-reguliatorius-3-8-su-tepimu-profi","status":"publish","type":"product","link":"https:\/\/irankiuzona.lt\/ru\/product\/pneumatines-sistemos-slegio-reguliatorius-3-8-su-tepimu-profi\/","title":{"rendered":"Pneumatin\u0117s sistemos sl\u0117gio reguliatorius 3\/8 su tepimu, profi"},"content":{"rendered":"<p>Pa\u0161alina visas purvo daleles, didesnes nei 5mkmTepalin\u0117s alyvos indo talpa. 50ml.Galima u\u017epildyti esant sl\u0117giui.<br \/>\nTechniniai parametrai:Darbo sl\u0117gio diapazonas: 0-9,9 kgf \/ cm2Maksimalus sl\u0117gis: 15 kgf \/ cm2Sl\u0117gio reguliavimo diopazonas: 0,5-8,5 kgf \/ cm2Darbin\u0117 temperat\u016bra: -5~60oCSvoris: 0,7 kg.<\/p>","protected":false},"excerpt":{"rendered":"<p>Filtras reguliuojamas su sutep\u0117ju ir sausintuvu 3\/8 \/ MightySeven<\/p>","protected":false},"featured_media":252089,"comment_status":"open","ping_status":"open","template":"","meta":[],"product_cat":[9706],"product_tag":[9875],"class_list":{"0":"post-252087","1":"product","2":"type-product","3":"status-publish","4":"has-post-thumbnail","6":"product_brand-mighty-seven-m7","7":"product_cat-oro-srauto-reguliatoriai-tepalines-dregmes-surinkejai","8":"product_tag-mighty-seven-m7","10":"first","11":"outofstock","12":"purchasable","13":"product-type-simple"},"jetpack_sharing_enabled":true,"_links":{"self":[{"href":"https:\/\/irankiuzona.lt\/ru\/wp-json\/wp\/v2\/product\/252087","targetHints":{"allow":["GET"]}}],"collection":[{"href":"https:\/\/irankiuzona.lt\/ru\/wp-json\/wp\/v2\/product"}],"about":[{"href":"https:\/\/irankiuzona.lt\/ru\/wp-json\/wp\/v2\/types\/product"}],"replies":[{"embeddable":true,"href":"https:\/\/irankiuzona.lt\/ru\/wp-json\/wp\/v2\/comments?post=252087"}],"version-history":[{"count":1,"href":"https:\/\/irankiuzona.lt\/ru\/wp-json\/wp\/v2\/product\/252087\/revisions"}],"predecessor-version":[{"id":419291,"href":"https:\/\/irankiuzona.lt\/ru\/wp-json\/wp\/v2\/product\/252087\/revisions\/419291"}],"wp:featuredmedia":[{"embeddable":true,"href":"https:\/\/irankiuzona.lt\/ru\/wp-json\/wp\/v2\/media\/252089"}],"wp:attachment":[{"href":"https:\/\/irankiuzona.lt\/ru\/wp-json\/wp\/v2\/media?parent=252087"}],"wp:term":[{"taxonomy":"product_cat","embeddable":true,"href":"https:\/\/irankiuzona.lt\/ru\/wp-json\/wp\/v2\/product_cat?post=252087"},{"taxonomy":"product_tag","embeddable":true,"href":"https:\/\/irankiuzona.lt\/ru\/wp-json\/wp\/v2\/product_tag?post=252087"}],"curies":[{"name":"wp","href":"https:\/\/api.w.org\/{rel}","templated":true}]}}