{"id":252192,"date":"2024-09-29T09:50:38","date_gmt":"2024-09-29T09:50:38","guid":{"rendered":"https:\/\/irankiuzona.lt\/product\/grandines-itempimo-itaisas-terkslinis-42ton-3-8-1-2\/"},"modified":"2026-05-16T12:48:30","modified_gmt":"2026-05-16T12:48:30","slug":"grandines-itempimo-itaisas-terkslinis-42ton-3-8-1-2","status":"publish","type":"product","link":"https:\/\/irankiuzona.lt\/ru\/product\/grandines-itempimo-itaisas-terkslinis-42ton-3-8-1-2\/","title":{"rendered":"Grandin\u0117s \u012ftempimo \u012ftaisas terk\u0161linis 4,2Ton \/ 3\/8&#8242; &#8211; 1\/2&#8242;"},"content":{"rendered":"<p>Auk\u0161tos kokyb\u0117s kalta konstrukcijaSaugus, patikimas dizainas, kad b\u016bt\u0173 lengva valdytiTermi\u0161kai apdorotas papildomam tvirtumui<\/p>","protected":false},"excerpt":{"rendered":"<p>Grandin\u0117s \u012ftempimo \u012ftaisas terk\u0161linis 4173kg (9300 LBS)<\/p>","protected":false},"featured_media":252194,"comment_status":"open","ping_status":"open","template":"","meta":[],"product_cat":[9671],"product_tag":[9435],"class_list":{"0":"post-252192","1":"product","2":"type-product","3":"status-publish","4":"has-post-thumbnail","6":"product_brand-kinija","7":"product_cat-tampymo-lankstymo-prietaisai","8":"product_tag-kinija","10":"first","11":"instock","12":"purchasable","13":"product-type-simple"},"jetpack_sharing_enabled":true,"_links":{"self":[{"href":"https:\/\/irankiuzona.lt\/ru\/wp-json\/wp\/v2\/product\/252192","targetHints":{"allow":["GET"]}}],"collection":[{"href":"https:\/\/irankiuzona.lt\/ru\/wp-json\/wp\/v2\/product"}],"about":[{"href":"https:\/\/irankiuzona.lt\/ru\/wp-json\/wp\/v2\/types\/product"}],"replies":[{"embeddable":true,"href":"https:\/\/irankiuzona.lt\/ru\/wp-json\/wp\/v2\/comments?post=252192"}],"version-history":[{"count":1,"href":"https:\/\/irankiuzona.lt\/ru\/wp-json\/wp\/v2\/product\/252192\/revisions"}],"predecessor-version":[{"id":419322,"href":"https:\/\/irankiuzona.lt\/ru\/wp-json\/wp\/v2\/product\/252192\/revisions\/419322"}],"wp:featuredmedia":[{"embeddable":true,"href":"https:\/\/irankiuzona.lt\/ru\/wp-json\/wp\/v2\/media\/252194"}],"wp:attachment":[{"href":"https:\/\/irankiuzona.lt\/ru\/wp-json\/wp\/v2\/media?parent=252192"}],"wp:term":[{"taxonomy":"product_cat","embeddable":true,"href":"https:\/\/irankiuzona.lt\/ru\/wp-json\/wp\/v2\/product_cat?post=252192"},{"taxonomy":"product_tag","embeddable":true,"href":"https:\/\/irankiuzona.lt\/ru\/wp-json\/wp\/v2\/product_tag?post=252192"}],"curies":[{"name":"wp","href":"https:\/\/api.w.org\/{rel}","templated":true}]}}