{"id":252210,"date":"2024-09-29T09:50:40","date_gmt":"2024-09-29T09:50:40","guid":{"rendered":"https:\/\/irankiuzona.lt\/product\/dreles-antgalis-kniedijimui-nuo-32-iki-64mm-profi\/"},"modified":"2026-04-13T14:31:10","modified_gmt":"2026-04-13T14:31:10","slug":"dreles-antgalis-kniedijimui-nuo-32-iki-64mm-profi","status":"publish","type":"product","link":"https:\/\/irankiuzona.lt\/ru\/product\/dreles-antgalis-kniedijimui-nuo-32-iki-64mm-profi\/","title":{"rendered":"Dr\u0117l\u0117s antgalis kniedijimui nuo 3,2 iki 6,4mm, profi"},"content":{"rendered":"<p>59&#215;158 mmTvirtinimas HEX 1\/4 (6,35mm)Max. 1000 R.P.M.<\/p>","protected":false},"excerpt":{"rendered":"<p>Kniediklis &#8211; priedas gr\u0105\u017etui &#8211; profesionalus gniedijimo antgalis 3.2-6.4mm knied\u0117ms \/ MightySeven<\/p>","protected":false},"featured_media":252212,"comment_status":"open","ping_status":"open","template":"","meta":[],"product_cat":[9982],"product_tag":[9875],"class_list":{"0":"post-252210","1":"product","2":"type-product","3":"status-publish","4":"has-post-thumbnail","6":"product_brand-mighty-seven-m7","7":"product_cat-kniedikliai-suktuvui-greztuvui","8":"product_tag-mighty-seven-m7","10":"first","11":"instock","12":"purchasable","13":"product-type-simple"},"jetpack_sharing_enabled":true,"_links":{"self":[{"href":"https:\/\/irankiuzona.lt\/ru\/wp-json\/wp\/v2\/product\/252210","targetHints":{"allow":["GET"]}}],"collection":[{"href":"https:\/\/irankiuzona.lt\/ru\/wp-json\/wp\/v2\/product"}],"about":[{"href":"https:\/\/irankiuzona.lt\/ru\/wp-json\/wp\/v2\/types\/product"}],"replies":[{"embeddable":true,"href":"https:\/\/irankiuzona.lt\/ru\/wp-json\/wp\/v2\/comments?post=252210"}],"version-history":[{"count":1,"href":"https:\/\/irankiuzona.lt\/ru\/wp-json\/wp\/v2\/product\/252210\/revisions"}],"predecessor-version":[{"id":419328,"href":"https:\/\/irankiuzona.lt\/ru\/wp-json\/wp\/v2\/product\/252210\/revisions\/419328"}],"wp:featuredmedia":[{"embeddable":true,"href":"https:\/\/irankiuzona.lt\/ru\/wp-json\/wp\/v2\/media\/252212"}],"wp:attachment":[{"href":"https:\/\/irankiuzona.lt\/ru\/wp-json\/wp\/v2\/media?parent=252210"}],"wp:term":[{"taxonomy":"product_cat","embeddable":true,"href":"https:\/\/irankiuzona.lt\/ru\/wp-json\/wp\/v2\/product_cat?post=252210"},{"taxonomy":"product_tag","embeddable":true,"href":"https:\/\/irankiuzona.lt\/ru\/wp-json\/wp\/v2\/product_tag?post=252210"}],"curies":[{"name":"wp","href":"https:\/\/api.w.org\/{rel}","templated":true}]}}