{"id":252225,"date":"2024-09-29T09:50:41","date_gmt":"2024-09-29T09:50:41","guid":{"rendered":"https:\/\/irankiuzona.lt\/product\/ipresuotas-antgalis-sesiakampis-1-2-h2655mm\/"},"modified":"2026-05-09T04:50:51","modified_gmt":"2026-05-09T04:50:51","slug":"ipresuotas-antgalis-sesiakampis-1-2-h2655mm","status":"publish","type":"product","link":"https:\/\/irankiuzona.lt\/ru\/product\/ipresuotas-antgalis-sesiakampis-1-2-h2655mm\/","title":{"rendered":"\u012epresuotas antgalis \u0161e\u0161iakampis 1\/2&quot; H26*55mm"},"content":{"rendered":"<p>\u012epresuotas antgalis \u0161e\u0161iakampis 1\/2&quot; H26*55mm<\/p>","protected":false},"excerpt":{"rendered":"<p>\u012epresuotas antgalis \u0161e\u0161iakampis 1\/2&quot; H26*55mm<\/p>","protected":false},"featured_media":252227,"comment_status":"open","ping_status":"open","template":"","meta":[],"product_cat":[9620],"product_tag":[9845],"class_list":{"0":"post-252225","1":"product","2":"type-product","3":"status-publish","4":"has-post-thumbnail","6":"product_brand-vokietija-germany","7":"product_cat-1-2-ipresuoti-hex-antgaliai","8":"product_tag-vokietija-germany","10":"first","11":"outofstock","12":"purchasable","13":"product-type-simple"},"jetpack_sharing_enabled":true,"_links":{"self":[{"href":"https:\/\/irankiuzona.lt\/ru\/wp-json\/wp\/v2\/product\/252225","targetHints":{"allow":["GET"]}}],"collection":[{"href":"https:\/\/irankiuzona.lt\/ru\/wp-json\/wp\/v2\/product"}],"about":[{"href":"https:\/\/irankiuzona.lt\/ru\/wp-json\/wp\/v2\/types\/product"}],"replies":[{"embeddable":true,"href":"https:\/\/irankiuzona.lt\/ru\/wp-json\/wp\/v2\/comments?post=252225"}],"version-history":[{"count":1,"href":"https:\/\/irankiuzona.lt\/ru\/wp-json\/wp\/v2\/product\/252225\/revisions"}],"predecessor-version":[{"id":419332,"href":"https:\/\/irankiuzona.lt\/ru\/wp-json\/wp\/v2\/product\/252225\/revisions\/419332"}],"wp:featuredmedia":[{"embeddable":true,"href":"https:\/\/irankiuzona.lt\/ru\/wp-json\/wp\/v2\/media\/252227"}],"wp:attachment":[{"href":"https:\/\/irankiuzona.lt\/ru\/wp-json\/wp\/v2\/media?parent=252225"}],"wp:term":[{"taxonomy":"product_cat","embeddable":true,"href":"https:\/\/irankiuzona.lt\/ru\/wp-json\/wp\/v2\/product_cat?post=252225"},{"taxonomy":"product_tag","embeddable":true,"href":"https:\/\/irankiuzona.lt\/ru\/wp-json\/wp\/v2\/product_tag?post=252225"}],"curies":[{"name":"wp","href":"https:\/\/api.w.org\/{rel}","templated":true}]}}