{"id":252243,"date":"2024-09-29T09:50:42","date_gmt":"2024-09-29T09:50:42","guid":{"rendered":"https:\/\/irankiuzona.lt\/product\/sriegiklio-laikiklis-m4-m14-3-8-terkslei\/"},"modified":"2026-04-13T07:24:01","modified_gmt":"2026-04-13T07:24:01","slug":"sriegiklio-laikiklis-m4-m14-3-8-terkslei","status":"publish","type":"product","link":"https:\/\/irankiuzona.lt\/ru\/product\/sriegiklio-laikiklis-m4-m14-3-8-terkslei\/","title":{"rendered":"Sriegiklio laikiklis M4-M14 \/ 3\/8 terk\u0161lei"},"content":{"rendered":"<p>Sriegiklio laikiklis M4 &#8211; M14Rakto-terk\u0161l\u0117s dydis 3\/8&quot;<\/p>","protected":false},"excerpt":{"rendered":"<p>Laikiklis sriegikliams reguliuojamas M4-M14 sriegikiui<\/p>","protected":false},"featured_media":252245,"comment_status":"open","ping_status":"open","template":"","meta":[],"product_cat":[9842],"product_tag":[9435],"class_list":{"0":"post-252243","1":"product","2":"type-product","3":"status-publish","4":"has-post-thumbnail","6":"product_brand-kinija","7":"product_cat-sriegikliu-ir-sriegpjoviu-laikikliai","8":"product_tag-kinija","10":"first","11":"instock","12":"purchasable","13":"product-type-simple"},"jetpack_sharing_enabled":true,"_links":{"self":[{"href":"https:\/\/irankiuzona.lt\/ru\/wp-json\/wp\/v2\/product\/252243","targetHints":{"allow":["GET"]}}],"collection":[{"href":"https:\/\/irankiuzona.lt\/ru\/wp-json\/wp\/v2\/product"}],"about":[{"href":"https:\/\/irankiuzona.lt\/ru\/wp-json\/wp\/v2\/types\/product"}],"replies":[{"embeddable":true,"href":"https:\/\/irankiuzona.lt\/ru\/wp-json\/wp\/v2\/comments?post=252243"}],"version-history":[{"count":1,"href":"https:\/\/irankiuzona.lt\/ru\/wp-json\/wp\/v2\/product\/252243\/revisions"}],"predecessor-version":[{"id":419338,"href":"https:\/\/irankiuzona.lt\/ru\/wp-json\/wp\/v2\/product\/252243\/revisions\/419338"}],"wp:featuredmedia":[{"embeddable":true,"href":"https:\/\/irankiuzona.lt\/ru\/wp-json\/wp\/v2\/media\/252245"}],"wp:attachment":[{"href":"https:\/\/irankiuzona.lt\/ru\/wp-json\/wp\/v2\/media?parent=252243"}],"wp:term":[{"taxonomy":"product_cat","embeddable":true,"href":"https:\/\/irankiuzona.lt\/ru\/wp-json\/wp\/v2\/product_cat?post=252243"},{"taxonomy":"product_tag","embeddable":true,"href":"https:\/\/irankiuzona.lt\/ru\/wp-json\/wp\/v2\/product_tag?post=252243"}],"curies":[{"name":"wp","href":"https:\/\/api.w.org\/{rel}","templated":true}]}}