{"id":252255,"date":"2024-09-29T09:50:43","date_gmt":"2024-09-29T09:50:43","guid":{"rendered":"https:\/\/irankiuzona.lt\/product\/rankenele-kebulo-iduboms-salinti\/"},"modified":"2026-04-12T23:01:28","modified_gmt":"2026-04-12T23:01:28","slug":"rankenele-kebulo-iduboms-salinti","status":"publish","type":"product","link":"https:\/\/irankiuzona.lt\/ru\/product\/rankenele-kebulo-iduboms-salinti\/","title":{"rendered":"Ranken\u0117l\u0117 k\u0117bulo \u012fduboms \u0161alinti"},"content":{"rendered":"<p>Ranken\u0117l\u0117 k\u0117bulo \u012fduboms \u0161alinti<\/p>","protected":false},"excerpt":{"rendered":"<p>Ranken\u0117l\u0117 k\u0117bulo \u012fduboms \u0161alinti<\/p>","protected":false},"featured_media":252257,"comment_status":"open","ping_status":"open","template":"","meta":[],"product_cat":[9556],"product_tag":[9845],"class_list":{"0":"post-252255","1":"product","2":"type-product","3":"status-publish","4":"has-post-thumbnail","6":"product_brand-vokietija-germany","7":"product_cat-irankiai-kebulo-lyginimui","8":"product_tag-vokietija-germany","10":"first","11":"outofstock","12":"purchasable","13":"product-type-simple"},"jetpack_sharing_enabled":true,"_links":{"self":[{"href":"https:\/\/irankiuzona.lt\/ru\/wp-json\/wp\/v2\/product\/252255","targetHints":{"allow":["GET"]}}],"collection":[{"href":"https:\/\/irankiuzona.lt\/ru\/wp-json\/wp\/v2\/product"}],"about":[{"href":"https:\/\/irankiuzona.lt\/ru\/wp-json\/wp\/v2\/types\/product"}],"replies":[{"embeddable":true,"href":"https:\/\/irankiuzona.lt\/ru\/wp-json\/wp\/v2\/comments?post=252255"}],"version-history":[{"count":1,"href":"https:\/\/irankiuzona.lt\/ru\/wp-json\/wp\/v2\/product\/252255\/revisions"}],"predecessor-version":[{"id":419342,"href":"https:\/\/irankiuzona.lt\/ru\/wp-json\/wp\/v2\/product\/252255\/revisions\/419342"}],"wp:featuredmedia":[{"embeddable":true,"href":"https:\/\/irankiuzona.lt\/ru\/wp-json\/wp\/v2\/media\/252257"}],"wp:attachment":[{"href":"https:\/\/irankiuzona.lt\/ru\/wp-json\/wp\/v2\/media?parent=252255"}],"wp:term":[{"taxonomy":"product_cat","embeddable":true,"href":"https:\/\/irankiuzona.lt\/ru\/wp-json\/wp\/v2\/product_cat?post=252255"},{"taxonomy":"product_tag","embeddable":true,"href":"https:\/\/irankiuzona.lt\/ru\/wp-json\/wp\/v2\/product_tag?post=252255"}],"curies":[{"name":"wp","href":"https:\/\/api.w.org\/{rel}","templated":true}]}}