{"id":252264,"date":"2024-09-29T09:50:44","date_gmt":"2024-09-29T09:50:44","guid":{"rendered":"https:\/\/irankiuzona.lt\/product\/duslintuvo-vamzdzio-pjoviklis-19-83mm\/"},"modified":"2026-04-21T16:40:31","modified_gmt":"2026-04-21T16:40:31","slug":"duslintuvo-vamzdzio-pjoviklis-19-83mm","status":"publish","type":"product","link":"https:\/\/irankiuzona.lt\/ru\/product\/duslintuvo-vamzdzio-pjoviklis-19-83mm\/","title":{"rendered":"Duslintuvo vamzd\u017eio pjoviklis 19-83mm"},"content":{"rendered":"<p>Duslintuv\u0173 pjovimo \u012frankis su grandineApimamas diametras: 19-83 mm<\/p>","protected":false},"excerpt":{"rendered":"<p>Vamzd\u017ei\u0173 pjoviklis su grandine \/ diametras 19mm-83mm \/ puikiai tinka duslintuv\u0173 pjovimui. Spec reples su grandine duslintuvams pjauti<\/p>","protected":false},"featured_media":252266,"comment_status":"open","ping_status":"open","template":"","meta":[],"product_cat":[9537],"product_tag":[9435],"class_list":{"0":"post-252264","1":"product","2":"type-product","3":"status-publish","4":"has-post-thumbnail","6":"product_brand-kinija","7":"product_cat-duslintuvo-remontui","8":"product_tag-kinija","10":"first","11":"outofstock","12":"purchasable","13":"product-type-simple"},"jetpack_sharing_enabled":true,"_links":{"self":[{"href":"https:\/\/irankiuzona.lt\/ru\/wp-json\/wp\/v2\/product\/252264","targetHints":{"allow":["GET"]}}],"collection":[{"href":"https:\/\/irankiuzona.lt\/ru\/wp-json\/wp\/v2\/product"}],"about":[{"href":"https:\/\/irankiuzona.lt\/ru\/wp-json\/wp\/v2\/types\/product"}],"replies":[{"embeddable":true,"href":"https:\/\/irankiuzona.lt\/ru\/wp-json\/wp\/v2\/comments?post=252264"}],"version-history":[{"count":1,"href":"https:\/\/irankiuzona.lt\/ru\/wp-json\/wp\/v2\/product\/252264\/revisions"}],"predecessor-version":[{"id":419345,"href":"https:\/\/irankiuzona.lt\/ru\/wp-json\/wp\/v2\/product\/252264\/revisions\/419345"}],"wp:featuredmedia":[{"embeddable":true,"href":"https:\/\/irankiuzona.lt\/ru\/wp-json\/wp\/v2\/media\/252266"}],"wp:attachment":[{"href":"https:\/\/irankiuzona.lt\/ru\/wp-json\/wp\/v2\/media?parent=252264"}],"wp:term":[{"taxonomy":"product_cat","embeddable":true,"href":"https:\/\/irankiuzona.lt\/ru\/wp-json\/wp\/v2\/product_cat?post=252264"},{"taxonomy":"product_tag","embeddable":true,"href":"https:\/\/irankiuzona.lt\/ru\/wp-json\/wp\/v2\/product_tag?post=252264"}],"curies":[{"name":"wp","href":"https:\/\/api.w.org\/{rel}","templated":true}]}}