{"id":252371,"date":"2024-09-29T09:50:57","date_gmt":"2024-09-29T09:50:57","guid":{"rendered":"https:\/\/irankiuzona.lt\/product\/dzemperis-medvilninis-pilkas-niers-2xl-dydis-hogert-ht5k379-2xl\/"},"modified":"2026-04-17T03:33:19","modified_gmt":"2026-04-17T03:33:19","slug":"dzemperis-medvilninis-pilkas-niers-2xl-dydis-hogert-ht5k379-2xl","status":"publish","type":"product","link":"https:\/\/irankiuzona.lt\/ru\/product\/dzemperis-medvilninis-pilkas-niers-2xl-dydis-hogert-ht5k379-2xl\/","title":{"rendered":"D\u017eemperis medvilninis pilkas NIERS 2XL dydis, HOGERT HT5K379-2XL"},"content":{"rendered":"<p>Megztinis su gobtuvuJis pagamintas i\u0161 kokybi\u0161ko, mink\u0161to trikota\u017eo, u\u017etikrinan\u010dio d\u0117v\u0117jimo patogum\u0105.<br \/>\nmed\u017eiaga: 65% medviln\u0117, 35% poliesteris, 260 g\/m\u00b2;gaubtas: fiksuotas, su auk\u0161\u010dio reguliavimu;rai\u0161teliai rankovi\u0173 ir megztinio apa\u010dioje;1 ki\u0161en\u0117 &quot;keng\u016bra&quot;<\/p>","protected":false},"excerpt":{"rendered":"<p>D\u017eemperis medvilninis pilkas NIERS 2XL dydis<\/p>","protected":false},"featured_media":252373,"comment_status":"open","ping_status":"open","template":"","meta":[],"product_cat":[10082],"product_tag":[9969],"class_list":{"0":"post-252371","1":"product","2":"type-product","3":"status-publish","4":"has-post-thumbnail","6":"product_brand-hogert-technik-vokietija","7":"product_cat-darbiniai-dzemperiai","8":"product_tag-hogert-technik-vokietija","10":"first","11":"instock","12":"purchasable","13":"product-type-simple"},"jetpack_sharing_enabled":true,"_links":{"self":[{"href":"https:\/\/irankiuzona.lt\/ru\/wp-json\/wp\/v2\/product\/252371","targetHints":{"allow":["GET"]}}],"collection":[{"href":"https:\/\/irankiuzona.lt\/ru\/wp-json\/wp\/v2\/product"}],"about":[{"href":"https:\/\/irankiuzona.lt\/ru\/wp-json\/wp\/v2\/types\/product"}],"replies":[{"embeddable":true,"href":"https:\/\/irankiuzona.lt\/ru\/wp-json\/wp\/v2\/comments?post=252371"}],"version-history":[{"count":1,"href":"https:\/\/irankiuzona.lt\/ru\/wp-json\/wp\/v2\/product\/252371\/revisions"}],"predecessor-version":[{"id":419381,"href":"https:\/\/irankiuzona.lt\/ru\/wp-json\/wp\/v2\/product\/252371\/revisions\/419381"}],"wp:featuredmedia":[{"embeddable":true,"href":"https:\/\/irankiuzona.lt\/ru\/wp-json\/wp\/v2\/media\/252373"}],"wp:attachment":[{"href":"https:\/\/irankiuzona.lt\/ru\/wp-json\/wp\/v2\/media?parent=252371"}],"wp:term":[{"taxonomy":"product_cat","embeddable":true,"href":"https:\/\/irankiuzona.lt\/ru\/wp-json\/wp\/v2\/product_cat?post=252371"},{"taxonomy":"product_tag","embeddable":true,"href":"https:\/\/irankiuzona.lt\/ru\/wp-json\/wp\/v2\/product_tag?post=252371"}],"curies":[{"name":"wp","href":"https:\/\/api.w.org\/{rel}","templated":true}]}}