{"id":252377,"date":"2024-09-29T09:50:57","date_gmt":"2024-09-29T09:50:57","guid":{"rendered":"https:\/\/irankiuzona.lt\/product\/puskombinezonis-fabian-sviesiai-pilkas-2xl\/"},"modified":"2025-04-23T16:40:31","modified_gmt":"2025-04-23T16:40:31","slug":"puskombinezonis-fabian-sviesiai-pilkas-2xl","status":"publish","type":"product","link":"https:\/\/irankiuzona.lt\/ru\/product\/puskombinezonis-fabian-sviesiai-pilkas-2xl\/","title":{"rendered":"Puskombinezonis  Fabian \u0161viesiai pilkas 2XL"},"content":{"rendered":"<p>med\u017eiaga: TC audinys, 65% poliesteris, 35% medviln\u0117;. 190 g\/m\u00b2;. pagamintas pagal EN ISO 13688;. 2 vir\u0161utin\u0117s ki\u0161en\u0117s ir 1 kr\u016btin\u0117s ki\u0161en\u0117 su atvartu;. galimyb\u0117 prailginti kelnes-kojas;. reguliuojamos petne\u0161os su elastiniu \u012fd\u0117klu;. nugaros juosmens reguliavimas elastine juostele ir sagomis kelni\u0173 \u0161one;. kilpos;. \u0161vies\u0105 atspindintys elementai \u2013 kelni\u0173 priekis;. galima skalbti 60\u00b0C temperat\u016broje;. universalus pritaikymas lengvojoje pramon\u0117je, automobili\u0173, transporto ir logistikos srityse, idealiai tinka renovacijai, statybos, sand\u0117liavimo, serviso ir techniniams darbai.<\/p>","protected":false},"excerpt":{"rendered":"<p>Puskombinzonis\u00a0 Fabian \u0161viesiai pilkas 2XL<\/p>","protected":false},"featured_media":252379,"comment_status":"open","ping_status":"open","template":"","meta":[],"product_cat":[10006],"product_tag":[9969],"class_list":{"0":"post-252377","1":"product","2":"type-product","3":"status-publish","4":"has-post-thumbnail","6":"product_brand-hogert-technik-vokietija","7":"product_cat-darbiniai-puskombinezoniai","8":"product_tag-hogert-technik-vokietija","10":"first","11":"outofstock","12":"purchasable","13":"product-type-simple"},"jetpack_sharing_enabled":true,"_links":{"self":[{"href":"https:\/\/irankiuzona.lt\/ru\/wp-json\/wp\/v2\/product\/252377","targetHints":{"allow":["GET"]}}],"collection":[{"href":"https:\/\/irankiuzona.lt\/ru\/wp-json\/wp\/v2\/product"}],"about":[{"href":"https:\/\/irankiuzona.lt\/ru\/wp-json\/wp\/v2\/types\/product"}],"replies":[{"embeddable":true,"href":"https:\/\/irankiuzona.lt\/ru\/wp-json\/wp\/v2\/comments?post=252377"}],"version-history":[{"count":0,"href":"https:\/\/irankiuzona.lt\/ru\/wp-json\/wp\/v2\/product\/252377\/revisions"}],"wp:featuredmedia":[{"embeddable":true,"href":"https:\/\/irankiuzona.lt\/ru\/wp-json\/wp\/v2\/media\/252379"}],"wp:attachment":[{"href":"https:\/\/irankiuzona.lt\/ru\/wp-json\/wp\/v2\/media?parent=252377"}],"wp:term":[{"taxonomy":"product_cat","embeddable":true,"href":"https:\/\/irankiuzona.lt\/ru\/wp-json\/wp\/v2\/product_cat?post=252377"},{"taxonomy":"product_tag","embeddable":true,"href":"https:\/\/irankiuzona.lt\/ru\/wp-json\/wp\/v2\/product_tag?post=252377"}],"curies":[{"name":"wp","href":"https:\/\/api.w.org\/{rel}","templated":true}]}}