{"id":252401,"date":"2024-09-29T09:50:59","date_gmt":"2024-09-29T09:50:59","guid":{"rendered":"https:\/\/irankiuzona.lt\/product\/marskiniai-iller-dydis-l\/"},"modified":"2026-03-31T19:45:19","modified_gmt":"2026-03-31T19:45:19","slug":"marskiniai-iller-dydis-l","status":"publish","type":"product","link":"https:\/\/irankiuzona.lt\/ru\/product\/marskiniai-iller-dydis-l\/","title":{"rendered":"Mar\u0161kiniai ILLER, dydis L"},"content":{"rendered":"<p>Charakteristika<br \/>\nmed\u017eiaga: 55% poliesteris, 45% medviln\u0117, svoris 125 g \/ m\u00b2;mar\u0161kiniai ilgomis rankov\u0117mis;ki\u0161en\u0117 kair\u0117je pus\u0117je su skylute ra\u0161ikliui ir telefonui.<\/p>","protected":false},"excerpt":{"rendered":"<p>Mar\u0161kiniai ILLER, dydis L<\/p>","protected":false},"featured_media":252403,"comment_status":"open","ping_status":"open","template":"","meta":[],"product_cat":[10063],"product_tag":[9969],"class_list":{"0":"post-252401","1":"product","2":"type-product","3":"status-publish","4":"has-post-thumbnail","6":"product_brand-hogert-technik-vokietija","7":"product_cat-darbiniai-marskineliai","8":"product_tag-hogert-technik-vokietija","10":"first","11":"outofstock","12":"purchasable","13":"product-type-simple"},"jetpack_sharing_enabled":true,"_links":{"self":[{"href":"https:\/\/irankiuzona.lt\/ru\/wp-json\/wp\/v2\/product\/252401","targetHints":{"allow":["GET"]}}],"collection":[{"href":"https:\/\/irankiuzona.lt\/ru\/wp-json\/wp\/v2\/product"}],"about":[{"href":"https:\/\/irankiuzona.lt\/ru\/wp-json\/wp\/v2\/types\/product"}],"replies":[{"embeddable":true,"href":"https:\/\/irankiuzona.lt\/ru\/wp-json\/wp\/v2\/comments?post=252401"}],"version-history":[{"count":1,"href":"https:\/\/irankiuzona.lt\/ru\/wp-json\/wp\/v2\/product\/252401\/revisions"}],"predecessor-version":[{"id":419387,"href":"https:\/\/irankiuzona.lt\/ru\/wp-json\/wp\/v2\/product\/252401\/revisions\/419387"}],"wp:featuredmedia":[{"embeddable":true,"href":"https:\/\/irankiuzona.lt\/ru\/wp-json\/wp\/v2\/media\/252403"}],"wp:attachment":[{"href":"https:\/\/irankiuzona.lt\/ru\/wp-json\/wp\/v2\/media?parent=252401"}],"wp:term":[{"taxonomy":"product_cat","embeddable":true,"href":"https:\/\/irankiuzona.lt\/ru\/wp-json\/wp\/v2\/product_cat?post=252401"},{"taxonomy":"product_tag","embeddable":true,"href":"https:\/\/irankiuzona.lt\/ru\/wp-json\/wp\/v2\/product_tag?post=252401"}],"curies":[{"name":"wp","href":"https:\/\/api.w.org\/{rel}","templated":true}]}}