{"id":252437,"date":"2024-09-29T09:51:04","date_gmt":"2024-09-29T09:51:04","guid":{"rendered":"https:\/\/irankiuzona.lt\/product\/spaustuvai-pasukami-profi-200mm-20-5kg-hoegert-ht3b619\/"},"modified":"2026-04-16T14:28:55","modified_gmt":"2026-04-16T14:28:55","slug":"spaustuvai-pasukami-profi-200mm-20-5kg-hoegert-ht3b619","status":"publish","type":"product","link":"https:\/\/irankiuzona.lt\/ru\/product\/spaustuvai-pasukami-profi-200mm-20-5kg-hoegert-ht3b619\/","title":{"rendered":"Spaustuvai pasukami PROFI 200mm 20.5kg., HOEGERT HT3B619"},"content":{"rendered":"<p>\u0160altkalvio spaustuvas skirtas apdirbamiems objektams prispausti. Naudojamas remonto,\u00a0statybos ir kt. darbuose. Tvirta konstrukcija.<br \/>\npadengtas antikoroziniais da\u017eais;reguliuojamas, sukamas pagrindas leid\u017eia pakeisti kamp\u0105 360 laipsni\u0173;plieniniai, gr\u016bdinti\u00a0spaustuvai su skersiniais \u012fpjovimais;tvirtas, patvarus ketaus korpusas su grafito intarpais;pagrindas tvirtinamas dviem var\u017etais.<\/p>","protected":false},"excerpt":{"rendered":"<p>Sukin\u0117jami \u0161altkalvio spaustuvai HOGERT 200mm plo\u010dio \/ svoris 20,5kg<\/p>","protected":false},"featured_media":252439,"comment_status":"open","ping_status":"open","template":"","meta":[],"product_cat":[9635],"product_tag":[9969],"class_list":{"0":"post-252437","1":"product","2":"type-product","3":"status-publish","4":"has-post-thumbnail","6":"product_brand-hogert-technik-vokietija","7":"product_cat-saltkalvio-sukinejami","8":"product_tag-hogert-technik-vokietija","10":"first","11":"outofstock","12":"purchasable","13":"product-type-simple"},"jetpack_sharing_enabled":true,"_links":{"self":[{"href":"https:\/\/irankiuzona.lt\/ru\/wp-json\/wp\/v2\/product\/252437","targetHints":{"allow":["GET"]}}],"collection":[{"href":"https:\/\/irankiuzona.lt\/ru\/wp-json\/wp\/v2\/product"}],"about":[{"href":"https:\/\/irankiuzona.lt\/ru\/wp-json\/wp\/v2\/types\/product"}],"replies":[{"embeddable":true,"href":"https:\/\/irankiuzona.lt\/ru\/wp-json\/wp\/v2\/comments?post=252437"}],"version-history":[{"count":1,"href":"https:\/\/irankiuzona.lt\/ru\/wp-json\/wp\/v2\/product\/252437\/revisions"}],"predecessor-version":[{"id":419395,"href":"https:\/\/irankiuzona.lt\/ru\/wp-json\/wp\/v2\/product\/252437\/revisions\/419395"}],"wp:featuredmedia":[{"embeddable":true,"href":"https:\/\/irankiuzona.lt\/ru\/wp-json\/wp\/v2\/media\/252439"}],"wp:attachment":[{"href":"https:\/\/irankiuzona.lt\/ru\/wp-json\/wp\/v2\/media?parent=252437"}],"wp:term":[{"taxonomy":"product_cat","embeddable":true,"href":"https:\/\/irankiuzona.lt\/ru\/wp-json\/wp\/v2\/product_cat?post=252437"},{"taxonomy":"product_tag","embeddable":true,"href":"https:\/\/irankiuzona.lt\/ru\/wp-json\/wp\/v2\/product_tag?post=252437"}],"curies":[{"name":"wp","href":"https:\/\/api.w.org\/{rel}","templated":true}]}}