{"id":252479,"date":"2024-09-29T10:00:09","date_gmt":"2024-09-29T10:00:09","guid":{"rendered":"https:\/\/irankiuzona.lt\/product\/dzemperis-medvilninis-niers-geltonos-spalvos-dydis-xl\/"},"modified":"2025-04-23T16:40:46","modified_gmt":"2025-04-23T16:40:46","slug":"dzemperis-medvilninis-niers-geltonos-spalvos-dydis-xl","status":"publish","type":"product","link":"https:\/\/irankiuzona.lt\/ru\/product\/dzemperis-medvilninis-niers-geltonos-spalvos-dydis-xl\/","title":{"rendered":"D\u017dEMPERIS MEDVILNINIS NIERS GELTONOS SPALVOS DYDIS XL"},"content":{"rendered":"<p>Megztinis su gobtuvuJis pagamintas i\u0161 kokybi\u0161ko, mink\u0161to trikota\u017eo, u\u017etikrinan\u010dio d\u0117v\u0117jimo patogum\u0105.<br \/>\nmed\u017eiaga: 65% medviln\u0117, 35% poliesteris, 260 g\/m\u00b2;gaubtas: fiksuotas, su auk\u0161\u010dio reguliavimu;rai\u0161teliai rankovi\u0173 ir megztinio apa\u010dioje;1 ki\u0161en\u0117 &quot;keng\u016bra&quot;<\/p>","protected":false},"excerpt":{"rendered":"<p>D\u017dEMPERIS MEDVILNINIS NIERS GELTONOS SPALVOS DYDIS XL<\/p>","protected":false},"featured_media":252481,"comment_status":"open","ping_status":"open","template":"","meta":[],"product_cat":[10082],"product_tag":[9969],"class_list":{"0":"post-252479","1":"product","2":"type-product","3":"status-publish","4":"has-post-thumbnail","6":"product_brand-hogert-technik-vokietija","7":"product_cat-darbiniai-dzemperiai","8":"product_tag-hogert-technik-vokietija","10":"first","11":"outofstock","12":"purchasable","13":"product-type-simple"},"jetpack_sharing_enabled":true,"_links":{"self":[{"href":"https:\/\/irankiuzona.lt\/ru\/wp-json\/wp\/v2\/product\/252479","targetHints":{"allow":["GET"]}}],"collection":[{"href":"https:\/\/irankiuzona.lt\/ru\/wp-json\/wp\/v2\/product"}],"about":[{"href":"https:\/\/irankiuzona.lt\/ru\/wp-json\/wp\/v2\/types\/product"}],"replies":[{"embeddable":true,"href":"https:\/\/irankiuzona.lt\/ru\/wp-json\/wp\/v2\/comments?post=252479"}],"version-history":[{"count":0,"href":"https:\/\/irankiuzona.lt\/ru\/wp-json\/wp\/v2\/product\/252479\/revisions"}],"wp:featuredmedia":[{"embeddable":true,"href":"https:\/\/irankiuzona.lt\/ru\/wp-json\/wp\/v2\/media\/252481"}],"wp:attachment":[{"href":"https:\/\/irankiuzona.lt\/ru\/wp-json\/wp\/v2\/media?parent=252479"}],"wp:term":[{"taxonomy":"product_cat","embeddable":true,"href":"https:\/\/irankiuzona.lt\/ru\/wp-json\/wp\/v2\/product_cat?post=252479"},{"taxonomy":"product_tag","embeddable":true,"href":"https:\/\/irankiuzona.lt\/ru\/wp-json\/wp\/v2\/product_tag?post=252479"}],"curies":[{"name":"wp","href":"https:\/\/api.w.org\/{rel}","templated":true}]}}