{"id":252485,"date":"2024-09-29T10:00:09","date_gmt":"2024-09-29T10:00:09","guid":{"rendered":"https:\/\/irankiuzona.lt\/product\/dzemperis-medvilninis-grafito-spalvos-xl-dydis\/"},"modified":"2026-03-03T12:10:20","modified_gmt":"2026-03-03T12:10:20","slug":"dzemperis-medvilninis-grafito-spalvos-xl-dydis","status":"publish","type":"product","link":"https:\/\/irankiuzona.lt\/ru\/product\/dzemperis-medvilninis-grafito-spalvos-xl-dydis\/","title":{"rendered":"D\u017eemperis medvilninis grafito spalvos XL dydis"},"content":{"rendered":"<p>Charakteristikos:<br \/>\nMar\u0161kin\u0117liai pagaminti i\u0161 100% medviln\u0117s, 180 g\/m\u00b2;klasikinis kirpimas.<\/p>","protected":false},"excerpt":{"rendered":"<p>D\u017eemperis medvilninis grafito spalvos XL dydis<\/p>","protected":false},"featured_media":252487,"comment_status":"open","ping_status":"open","template":"","meta":[],"product_cat":[10082],"product_tag":[9969],"class_list":{"0":"post-252485","1":"product","2":"type-product","3":"status-publish","4":"has-post-thumbnail","6":"product_brand-hogert-technik-vokietija","7":"product_cat-darbiniai-dzemperiai","8":"product_tag-hogert-technik-vokietija","10":"first","11":"outofstock","12":"purchasable","13":"product-type-simple"},"jetpack_sharing_enabled":true,"_links":{"self":[{"href":"https:\/\/irankiuzona.lt\/ru\/wp-json\/wp\/v2\/product\/252485","targetHints":{"allow":["GET"]}}],"collection":[{"href":"https:\/\/irankiuzona.lt\/ru\/wp-json\/wp\/v2\/product"}],"about":[{"href":"https:\/\/irankiuzona.lt\/ru\/wp-json\/wp\/v2\/types\/product"}],"replies":[{"embeddable":true,"href":"https:\/\/irankiuzona.lt\/ru\/wp-json\/wp\/v2\/comments?post=252485"}],"version-history":[{"count":1,"href":"https:\/\/irankiuzona.lt\/ru\/wp-json\/wp\/v2\/product\/252485\/revisions"}],"predecessor-version":[{"id":419408,"href":"https:\/\/irankiuzona.lt\/ru\/wp-json\/wp\/v2\/product\/252485\/revisions\/419408"}],"wp:featuredmedia":[{"embeddable":true,"href":"https:\/\/irankiuzona.lt\/ru\/wp-json\/wp\/v2\/media\/252487"}],"wp:attachment":[{"href":"https:\/\/irankiuzona.lt\/ru\/wp-json\/wp\/v2\/media?parent=252485"}],"wp:term":[{"taxonomy":"product_cat","embeddable":true,"href":"https:\/\/irankiuzona.lt\/ru\/wp-json\/wp\/v2\/product_cat?post=252485"},{"taxonomy":"product_tag","embeddable":true,"href":"https:\/\/irankiuzona.lt\/ru\/wp-json\/wp\/v2\/product_tag?post=252485"}],"curies":[{"name":"wp","href":"https:\/\/api.w.org\/{rel}","templated":true}]}}