{"id":252497,"date":"2024-09-29T10:00:11","date_gmt":"2024-09-29T10:00:11","guid":{"rendered":"https:\/\/irankiuzona.lt\/product\/darbinis-dzemperis-siltas-hase-melynas-dydis-2xl\/"},"modified":"2025-04-23T16:40:49","modified_gmt":"2025-04-23T16:40:49","slug":"darbinis-dzemperis-siltas-hase-melynas-dydis-2xl","status":"publish","type":"product","link":"https:\/\/irankiuzona.lt\/ru\/product\/darbinis-dzemperis-siltas-hase-melynas-dydis-2xl\/","title":{"rendered":"DARBINIS D\u017dEMPERIS \u0160ILTAS HASE M\u0116LYNAS DYDIS 2XL"},"content":{"rendered":"<p>med\u017eiaga: vilna 100% poliesteris, svoris 250 g \/ m\u00b2;su 2 apatin\u0117mis ki\u0161en\u0117mis.<\/p>","protected":false},"excerpt":{"rendered":"<p>DARBINIS D\u017dEMPERIS \u0160ILTAS HASE M\u0116LYNAS DYDIS 2XL<\/p>","protected":false},"featured_media":252499,"comment_status":"open","ping_status":"open","template":"","meta":[],"product_cat":[10082],"product_tag":[9969],"class_list":{"0":"post-252497","1":"product","2":"type-product","3":"status-publish","4":"has-post-thumbnail","6":"product_brand-hogert-technik-vokietija","7":"product_cat-darbiniai-dzemperiai","8":"product_tag-hogert-technik-vokietija","10":"first","11":"outofstock","12":"purchasable","13":"product-type-simple"},"jetpack_sharing_enabled":true,"_links":{"self":[{"href":"https:\/\/irankiuzona.lt\/ru\/wp-json\/wp\/v2\/product\/252497","targetHints":{"allow":["GET"]}}],"collection":[{"href":"https:\/\/irankiuzona.lt\/ru\/wp-json\/wp\/v2\/product"}],"about":[{"href":"https:\/\/irankiuzona.lt\/ru\/wp-json\/wp\/v2\/types\/product"}],"replies":[{"embeddable":true,"href":"https:\/\/irankiuzona.lt\/ru\/wp-json\/wp\/v2\/comments?post=252497"}],"version-history":[{"count":0,"href":"https:\/\/irankiuzona.lt\/ru\/wp-json\/wp\/v2\/product\/252497\/revisions"}],"wp:featuredmedia":[{"embeddable":true,"href":"https:\/\/irankiuzona.lt\/ru\/wp-json\/wp\/v2\/media\/252499"}],"wp:attachment":[{"href":"https:\/\/irankiuzona.lt\/ru\/wp-json\/wp\/v2\/media?parent=252497"}],"wp:term":[{"taxonomy":"product_cat","embeddable":true,"href":"https:\/\/irankiuzona.lt\/ru\/wp-json\/wp\/v2\/product_cat?post=252497"},{"taxonomy":"product_tag","embeddable":true,"href":"https:\/\/irankiuzona.lt\/ru\/wp-json\/wp\/v2\/product_tag?post=252497"}],"curies":[{"name":"wp","href":"https:\/\/api.w.org\/{rel}","templated":true}]}}