{"id":252512,"date":"2024-09-29T10:00:12","date_gmt":"2024-09-29T10:00:12","guid":{"rendered":"https:\/\/irankiuzona.lt\/product\/nuemejas-dvikojis-80mm\/"},"modified":"2026-04-05T21:24:18","modified_gmt":"2026-04-05T21:24:18","slug":"nuemejas-dvikojis-80mm","status":"publish","type":"product","link":"https:\/\/irankiuzona.lt\/ru\/product\/nuemejas-dvikojis-80mm\/","title":{"rendered":"NU\u0116M\u0116JAS DVIKOJIS 80MM"},"content":{"rendered":"","protected":false},"excerpt":{"rendered":"<p>NU\u0116M\u0116JAS DVIKOJIS 80MM<\/p>","protected":false},"featured_media":252514,"comment_status":"open","ping_status":"open","template":"","meta":[],"product_cat":[9531],"product_tag":[9969],"class_list":{"0":"post-252512","1":"product","2":"type-product","3":"status-publish","4":"has-post-thumbnail","6":"product_brand-hogert-technik-vokietija","7":"product_cat-dvikojai-nuemejai","8":"product_tag-hogert-technik-vokietija","10":"first","11":"instock","12":"purchasable","13":"product-type-simple"},"jetpack_sharing_enabled":true,"_links":{"self":[{"href":"https:\/\/irankiuzona.lt\/ru\/wp-json\/wp\/v2\/product\/252512","targetHints":{"allow":["GET"]}}],"collection":[{"href":"https:\/\/irankiuzona.lt\/ru\/wp-json\/wp\/v2\/product"}],"about":[{"href":"https:\/\/irankiuzona.lt\/ru\/wp-json\/wp\/v2\/types\/product"}],"replies":[{"embeddable":true,"href":"https:\/\/irankiuzona.lt\/ru\/wp-json\/wp\/v2\/comments?post=252512"}],"version-history":[{"count":0,"href":"https:\/\/irankiuzona.lt\/ru\/wp-json\/wp\/v2\/product\/252512\/revisions"}],"wp:featuredmedia":[{"embeddable":true,"href":"https:\/\/irankiuzona.lt\/ru\/wp-json\/wp\/v2\/media\/252514"}],"wp:attachment":[{"href":"https:\/\/irankiuzona.lt\/ru\/wp-json\/wp\/v2\/media?parent=252512"}],"wp:term":[{"taxonomy":"product_cat","embeddable":true,"href":"https:\/\/irankiuzona.lt\/ru\/wp-json\/wp\/v2\/product_cat?post=252512"},{"taxonomy":"product_tag","embeddable":true,"href":"https:\/\/irankiuzona.lt\/ru\/wp-json\/wp\/v2\/product_tag?post=252512"}],"curies":[{"name":"wp","href":"https:\/\/api.w.org\/{rel}","templated":true}]}}