{"id":252529,"date":"2024-09-29T10:00:14","date_gmt":"2024-09-29T10:00:14","guid":{"rendered":"https:\/\/irankiuzona.lt\/product\/pjuklas-grandininis-benzininis-2-2-kw\/"},"modified":"2026-05-15T00:54:42","modified_gmt":"2026-05-15T00:54:42","slug":"pjuklas-grandininis-benzininis-2-2-kw","status":"publish","type":"product","link":"https:\/\/irankiuzona.lt\/ru\/product\/pjuklas-grandininis-benzininis-2-2-kw\/","title":{"rendered":"Pj\u016bklas grandininis\/benzininis 2.2 KW"},"content":{"rendered":"<p>TECHNINIAI DUOMENYS:<br \/>\nvariklio t\u016bris: 55 cm\u00b3galia: 3 AGgrandin\u0117: 325 \u2033tu\u0161\u010diosios eigos greitis: 3000 (aps \/ min)maks. apsisukimai: 13000 (aps \/ min)kuro bakas: 550 mlalyvos bakas: 260 mlnaudingas pjovimo ilgis: 38 cmrekomenduojamas grandin\u0117s tipas: 21 BP \/ 21 VBgrandin\u0117s griovelio plotis 1,5 mm\u017evaig\u017edut\u0117: 7T \/ 0,325grynasis svoris: 6,5 kgtriuk\u0161mo lygis: 105 dBAvibracijos lygis: 10,7 (m \/ s2)<\/p>","protected":false},"excerpt":{"rendered":"<p>Pj\u016bklas grandininis\/benzininis 2.2 KW<\/p>","protected":false},"featured_media":252531,"comment_status":"open","ping_status":"open","template":"","meta":[],"product_cat":[9920],"product_tag":[10087],"class_list":{"0":"post-252529","1":"product","2":"type-product","3":"status-publish","4":"has-post-thumbnail","6":"product_brand-verke","7":"product_cat-pjuklai-siaurapjukliai","8":"product_tag-verke","10":"first","11":"instock","12":"purchasable","13":"product-type-simple"},"jetpack_sharing_enabled":true,"_links":{"self":[{"href":"https:\/\/irankiuzona.lt\/ru\/wp-json\/wp\/v2\/product\/252529","targetHints":{"allow":["GET"]}}],"collection":[{"href":"https:\/\/irankiuzona.lt\/ru\/wp-json\/wp\/v2\/product"}],"about":[{"href":"https:\/\/irankiuzona.lt\/ru\/wp-json\/wp\/v2\/types\/product"}],"replies":[{"embeddable":true,"href":"https:\/\/irankiuzona.lt\/ru\/wp-json\/wp\/v2\/comments?post=252529"}],"version-history":[{"count":1,"href":"https:\/\/irankiuzona.lt\/ru\/wp-json\/wp\/v2\/product\/252529\/revisions"}],"predecessor-version":[{"id":419421,"href":"https:\/\/irankiuzona.lt\/ru\/wp-json\/wp\/v2\/product\/252529\/revisions\/419421"}],"wp:featuredmedia":[{"embeddable":true,"href":"https:\/\/irankiuzona.lt\/ru\/wp-json\/wp\/v2\/media\/252531"}],"wp:attachment":[{"href":"https:\/\/irankiuzona.lt\/ru\/wp-json\/wp\/v2\/media?parent=252529"}],"wp:term":[{"taxonomy":"product_cat","embeddable":true,"href":"https:\/\/irankiuzona.lt\/ru\/wp-json\/wp\/v2\/product_cat?post=252529"},{"taxonomy":"product_tag","embeddable":true,"href":"https:\/\/irankiuzona.lt\/ru\/wp-json\/wp\/v2\/product_tag?post=252529"}],"curies":[{"name":"wp","href":"https:\/\/api.w.org\/{rel}","templated":true}]}}