{"id":252549,"date":"2024-09-29T10:00:16","date_gmt":"2024-09-29T10:00:16","guid":{"rendered":"https:\/\/irankiuzona.lt\/product\/irankiu-deze-serija-2000-16-stanley\/"},"modified":"2025-10-08T07:50:11","modified_gmt":"2025-10-08T07:50:11","slug":"irankiu-deze-serija-2000-16-stanley","status":"publish","type":"product","link":"https:\/\/irankiuzona.lt\/ru\/product\/irankiu-deze-serija-2000-16-stanley\/","title":{"rendered":"\u012eRANKI\u0172 D\u0116\u017d\u0116 Serija 2000 16&#8221; Stanley"},"content":{"rendered":"<p>19.9 x 19.5 x 40.5<\/p>","protected":false},"excerpt":{"rendered":"<p>\u012eRANKI\u0172 D\u0116\u017d\u0116 Serija 2000 16&#8221; Stanley<\/p>","protected":false},"featured_media":252551,"comment_status":"open","ping_status":"open","template":"","meta":[],"product_cat":[9831],"product_tag":[10100],"class_list":{"0":"post-252549","1":"product","2":"type-product","3":"status-publish","4":"has-post-thumbnail","6":"product_brand-stanley","7":"product_cat-irankiu-dezes-krepsiai-kuprines-dirzai","8":"product_tag-stanley","10":"first","11":"outofstock","12":"purchasable","13":"product-type-simple"},"jetpack_sharing_enabled":true,"_links":{"self":[{"href":"https:\/\/irankiuzona.lt\/ru\/wp-json\/wp\/v2\/product\/252549","targetHints":{"allow":["GET"]}}],"collection":[{"href":"https:\/\/irankiuzona.lt\/ru\/wp-json\/wp\/v2\/product"}],"about":[{"href":"https:\/\/irankiuzona.lt\/ru\/wp-json\/wp\/v2\/types\/product"}],"replies":[{"embeddable":true,"href":"https:\/\/irankiuzona.lt\/ru\/wp-json\/wp\/v2\/comments?post=252549"}],"version-history":[{"count":0,"href":"https:\/\/irankiuzona.lt\/ru\/wp-json\/wp\/v2\/product\/252549\/revisions"}],"wp:featuredmedia":[{"embeddable":true,"href":"https:\/\/irankiuzona.lt\/ru\/wp-json\/wp\/v2\/media\/252551"}],"wp:attachment":[{"href":"https:\/\/irankiuzona.lt\/ru\/wp-json\/wp\/v2\/media?parent=252549"}],"wp:term":[{"taxonomy":"product_cat","embeddable":true,"href":"https:\/\/irankiuzona.lt\/ru\/wp-json\/wp\/v2\/product_cat?post=252549"},{"taxonomy":"product_tag","embeddable":true,"href":"https:\/\/irankiuzona.lt\/ru\/wp-json\/wp\/v2\/product_tag?post=252549"}],"curies":[{"name":"wp","href":"https:\/\/api.w.org\/{rel}","templated":true}]}}