{"id":252566,"date":"2024-09-29T10:00:18","date_gmt":"2024-09-29T10:00:18","guid":{"rendered":"https:\/\/irankiuzona.lt\/product\/irankiu-deklas-2-ju-skyriu-stanley\/"},"modified":"2026-03-03T12:10:34","modified_gmt":"2026-03-03T12:10:34","slug":"irankiu-deklas-2-ju-skyriu-stanley","status":"publish","type":"product","link":"https:\/\/irankiuzona.lt\/ru\/product\/irankiu-deklas-2-ju-skyriu-stanley\/","title":{"rendered":"\u012eRANKI\u0172 D\u0116KLAS 2-j\u0173 SKYRI\u0172 Stanley"},"content":{"rendered":"<p>Didelis ki\u0161en\u0117li\u0173 kiekis tiek smulkiems tiek didesniems \u012frankiamsSpecialus laikiklis plaktukamsPatvarus audinysReguliuojamas, auk\u0161tos kokyb\u0117s \u012franki\u0173 dir\u017eas, tinkantis elektrikams, santechnikamsPatogus nugaros pamink\u0161tinimas u\u017etikrina didesn\u012f komfort\u0105<\/p>","protected":false},"excerpt":{"rendered":"<p>\u012eRANKI\u0172 D\u0116KLAS 2-j\u0173 SKYRI\u0172 Stanley<\/p>","protected":false},"featured_media":252568,"comment_status":"open","ping_status":"open","template":"","meta":[],"product_cat":[9831],"product_tag":[10100],"class_list":{"0":"post-252566","1":"product","2":"type-product","3":"status-publish","4":"has-post-thumbnail","6":"product_brand-stanley","7":"product_cat-irankiu-dezes-krepsiai-kuprines-dirzai","8":"product_tag-stanley","10":"first","11":"outofstock","12":"purchasable","13":"product-type-simple"},"jetpack_sharing_enabled":true,"_links":{"self":[{"href":"https:\/\/irankiuzona.lt\/ru\/wp-json\/wp\/v2\/product\/252566","targetHints":{"allow":["GET"]}}],"collection":[{"href":"https:\/\/irankiuzona.lt\/ru\/wp-json\/wp\/v2\/product"}],"about":[{"href":"https:\/\/irankiuzona.lt\/ru\/wp-json\/wp\/v2\/types\/product"}],"replies":[{"embeddable":true,"href":"https:\/\/irankiuzona.lt\/ru\/wp-json\/wp\/v2\/comments?post=252566"}],"version-history":[{"count":0,"href":"https:\/\/irankiuzona.lt\/ru\/wp-json\/wp\/v2\/product\/252566\/revisions"}],"wp:featuredmedia":[{"embeddable":true,"href":"https:\/\/irankiuzona.lt\/ru\/wp-json\/wp\/v2\/media\/252568"}],"wp:attachment":[{"href":"https:\/\/irankiuzona.lt\/ru\/wp-json\/wp\/v2\/media?parent=252566"}],"wp:term":[{"taxonomy":"product_cat","embeddable":true,"href":"https:\/\/irankiuzona.lt\/ru\/wp-json\/wp\/v2\/product_cat?post=252566"},{"taxonomy":"product_tag","embeddable":true,"href":"https:\/\/irankiuzona.lt\/ru\/wp-json\/wp\/v2\/product_tag?post=252566"}],"curies":[{"name":"wp","href":"https:\/\/api.w.org\/{rel}","templated":true}]}}