{"id":252608,"date":"2024-09-29T10:00:22","date_gmt":"2024-09-29T10:00:22","guid":{"rendered":"https:\/\/irankiuzona.lt\/product\/tepalo-surinkimo-bakas-90l-su-issiurbimu\/"},"modified":"2026-04-14T21:23:17","modified_gmt":"2026-04-14T21:23:17","slug":"tepalo-surinkimo-bakas-90l-su-issiurbimu","status":"publish","type":"product","link":"https:\/\/irankiuzona.lt\/ru\/product\/tepalo-surinkimo-bakas-90l-su-issiurbimu\/","title":{"rendered":"TEPALO SURINKIMO BAKAS 90L SU I\u0160SIURBIMU"},"content":{"rendered":"<p>TECHNINIAI DUOMENYS:<br \/>\nbako talpa &#8211; 90 ldubens auk\u0161\u010dio diapazonas &#8211; 110-190 cmnutek\u0117jimo \u017earnos ilgis &#8211; 2,5 m (be metalinio antgalio)darbinis sl\u0117gis -0,8 barsvoris &#8211; apie 23 kg<\/p>","protected":false},"excerpt":{"rendered":"<p>TEPALO SURINKIMO BAKAS 90L SU I\u0160SIURBIMU<\/p>","protected":false},"featured_media":252610,"comment_status":"open","ping_status":"open","template":"","meta":[],"product_cat":[10031],"product_tag":[10087],"class_list":{"0":"post-252608","1":"product","2":"type-product","3":"status-publish","4":"has-post-thumbnail","6":"product_brand-verke","7":"product_cat-tepalo-uzpildymo-surinkimo-iranga-talpos-tepalams","8":"product_tag-verke","10":"first","11":"outofstock","12":"purchasable","13":"product-type-simple"},"jetpack_sharing_enabled":true,"_links":{"self":[{"href":"https:\/\/irankiuzona.lt\/ru\/wp-json\/wp\/v2\/product\/252608","targetHints":{"allow":["GET"]}}],"collection":[{"href":"https:\/\/irankiuzona.lt\/ru\/wp-json\/wp\/v2\/product"}],"about":[{"href":"https:\/\/irankiuzona.lt\/ru\/wp-json\/wp\/v2\/types\/product"}],"replies":[{"embeddable":true,"href":"https:\/\/irankiuzona.lt\/ru\/wp-json\/wp\/v2\/comments?post=252608"}],"version-history":[{"count":1,"href":"https:\/\/irankiuzona.lt\/ru\/wp-json\/wp\/v2\/product\/252608\/revisions"}],"predecessor-version":[{"id":419446,"href":"https:\/\/irankiuzona.lt\/ru\/wp-json\/wp\/v2\/product\/252608\/revisions\/419446"}],"wp:featuredmedia":[{"embeddable":true,"href":"https:\/\/irankiuzona.lt\/ru\/wp-json\/wp\/v2\/media\/252610"}],"wp:attachment":[{"href":"https:\/\/irankiuzona.lt\/ru\/wp-json\/wp\/v2\/media?parent=252608"}],"wp:term":[{"taxonomy":"product_cat","embeddable":true,"href":"https:\/\/irankiuzona.lt\/ru\/wp-json\/wp\/v2\/product_cat?post=252608"},{"taxonomy":"product_tag","embeddable":true,"href":"https:\/\/irankiuzona.lt\/ru\/wp-json\/wp\/v2\/product_tag?post=252608"}],"curies":[{"name":"wp","href":"https:\/\/api.w.org\/{rel}","templated":true}]}}